{"id":78,"date":"2018-05-02T19:42:03","date_gmt":"2018-05-02T19:42:03","guid":{"rendered":"http:\/\/vespeera.org\/?page_id=78"},"modified":"2019-01-31T15:15:04","modified_gmt":"2019-01-31T15:15:04","slug":"informationen-fuer-patienten","status":"publish","type":"page","link":"https:\/\/vespeera.org\/?page_id=78","title":{"rendered":"Informationen f\u00fcr Patienten"},"content":{"rendered":"<p>Das Projekt VESPEERA steht f\u00fcr: \u201eVersorgungskontinuit\u00e4t sichern: Patientenorientiertes Einweisungs- und Entlassmanagement in Hausarztpraxen und Krankenh\u00e4usern\u201c. Es ist ein vielseitiges Projekt, das zum Ziel hat, die Zusammenarbeit zwischen Hausarztpraxen und Krankenh\u00e4usern zu verbessern.<\/p>\n<p>Im Folgenden erhalten Sie wichtige Informationen \u00fcber das Projekt. Klicken Sie dazu auf die aufgef\u00fchrten Fragen:<\/p>\n<p><a href=\"https:\/\/vespeera.org\/?page_id=137\" rel=\"noopener\">Wer kann an VEPEERA teilnehmen? <\/a><\/p>\n<p><a href=\"https:\/\/vespeera.org\/?page_id=142\">Was ist VESPEERA?<\/a><\/p>\n<p><a href=\"https:\/\/vespeera.org\/?page_id=157\">Welche Ma\u00dfnahmen beinhaltet VESPEERA f\u00fcr mich?<\/a><\/p>\n<p><a href=\"https:\/\/vespeera.org\/?page_id=174\">Welchen Nutzen habe ich durch VESPEERA?<\/a><\/p>\n<p><a href=\"https:\/\/vespeera.org\/?page_id=259\">Welche Krankenh\u00e4user nehmen an VESPEERA teil?<\/a><\/p>\n<p><a href=\"https:\/\/vespeera.org\/?page_id=177\">Was ist die Rechtsgrundlage f\u00fcr VESPEERA?<\/a><\/p>\n<p>&nbsp;<\/p>\n<p>Haben Sie\u00a0weitere Fragen?\u00a0Nehmen Sie <a href=\"https:\/\/vespeera.org\/?page_id=35\">Kontakt<\/a> zu uns auf!<\/p>\n<figure id=\"attachment_93\" aria-describedby=\"caption-attachment-93\" style=\"width: 525px\" class=\"wp-caption alignnone\"><img loading=\"lazy\" decoding=\"async\" class=\"wp-image-93 size-large\" src=\"https:\/\/vespeera.org\/wp-content\/uploads\/2018\/05\/Gespraech_Arzt_Pat-1024x683.jpg\" alt=\"\" width=\"525\" height=\"350\" srcset=\"https:\/\/vespeera.org\/wp-content\/uploads\/2018\/05\/Gespraech_Arzt_Pat-1024x683.jpg 1024w, https:\/\/vespeera.org\/wp-content\/uploads\/2018\/05\/Gespraech_Arzt_Pat-300x200.jpg 300w, https:\/\/vespeera.org\/wp-content\/uploads\/2018\/05\/Gespraech_Arzt_Pat-768x512.jpg 768w\" sizes=\"auto, (max-width: 525px) 100vw, 525px\" \/><figcaption id=\"caption-attachment-93\" class=\"wp-caption-text\">\u00a9 Universit\u00e4tsklinikum Heidelberg<\/figcaption><\/figure>\n<p>&nbsp;<\/p>\n<p><a href=\"https:\/\/vespeera.org\/\">zur\u00fcck zur Startseite<\/a><\/p>\n","protected":false},"excerpt":{"rendered":"<p>Das Projekt VESPEERA steht f\u00fcr: \u201eVersorgungskontinuit\u00e4t sichern: Patientenorientiertes Einweisungs- und Entlassmanagement in Hausarztpraxen und Krankenh\u00e4usern\u201c. Es ist ein vielseitiges Projekt, das zum Ziel hat, die Zusammenarbeit zwischen Hausarztpraxen und Krankenh\u00e4usern zu verbessern. Im Folgenden erhalten Sie wichtige Informationen \u00fcber das Projekt. Klicken Sie dazu auf die aufgef\u00fchrten Fragen: Wer kann an VEPEERA teilnehmen? Was ist &hellip; <\/p>\n<p class=\"link-more\"><a href=\"https:\/\/vespeera.org\/?page_id=78\" class=\"more-link\"><span class=\"screen-reader-text\">\u201eInformationen f\u00fcr Patienten\u201c <\/span>weiterlesen<\/a><\/p>\n","protected":false},"author":1,"featured_media":0,"parent":13,"menu_order":0,"comment_status":"closed","ping_status":"closed","template":"","meta":{"footnotes":""},"class_list":["post-78","page","type-page","status-publish","hentry"],"_links":{"self":[{"href":"https:\/\/vespeera.org\/index.php?rest_route=\/wp\/v2\/pages\/78","targetHints":{"allow":["GET"]}}],"collection":[{"href":"https:\/\/vespeera.org\/index.php?rest_route=\/wp\/v2\/pages"}],"about":[{"href":"https:\/\/vespeera.org\/index.php?rest_route=\/wp\/v2\/types\/page"}],"author":[{"embeddable":true,"href":"https:\/\/vespeera.org\/index.php?rest_route=\/wp\/v2\/users\/1"}],"replies":[{"embeddable":true,"href":"https:\/\/vespeera.org\/index.php?rest_route=%2Fwp%2Fv2%2Fcomments&post=78"}],"version-history":[{"count":18,"href":"https:\/\/vespeera.org\/index.php?rest_route=\/wp\/v2\/pages\/78\/revisions"}],"predecessor-version":[{"id":140,"href":"https:\/\/vespeera.org\/index.php?rest_route=\/wp\/v2\/pages\/78\/revisions\/140"}],"up":[{"embeddable":true,"href":"https:\/\/vespeera.org\/index.php?rest_route=\/wp\/v2\/pages\/13"}],"wp:attachment":[{"href":"https:\/\/vespeera.org\/index.php?rest_route=%2Fwp%2Fv2%2Fmedia&parent=78"}],"curies":[{"name":"wp","href":"https:\/\/api.w.org\/{rel}","templated":true}]}}