{"id":54,"date":"2018-05-02T09:36:17","date_gmt":"2018-05-02T09:36:17","guid":{"rendered":"http:\/\/vespeera.org\/?page_id=54"},"modified":"2019-01-31T15:16:03","modified_gmt":"2019-01-31T15:16:03","slug":"informationen-fuer-hausarztpraxen","status":"publish","type":"page","link":"https:\/\/vespeera.org\/?page_id=54","title":{"rendered":"Informationen f\u00fcr Hausarztpraxen"},"content":{"rendered":"<p>Aufgrund der steigenden Komplexit\u00e4t des Versorgungssystems und eines steigenden Bedarfs an Behandlungen, k\u00f6nnen bestehende Versorgungsbr\u00fcche zwischen dem ambulanten und station\u00e4ren Sektor eine qualitativ hochwertige Patientenversorgung und damit den gesamten Genesungsprozess von Patienten beeintr\u00e4chtigen.<\/p>\n<p>Ziel des Projektes VESPEERA ist daher die Optimierung der sektoren\u00fcbergreifenden Versorgung.<\/p>\n<p>Im Folgenden k\u00f6nnen Sie sich n\u00e4her \u00fcber VESPEERA informieren. Hierzu finden Sie h\u00e4ufig gestellte Fragen zum Projekt. Klicken Sie einfach auf die Fragen, um die entsprechenden Antworten lesen zu k\u00f6nnen.<\/p>\n<p><a href=\"https:\/\/vespeera.org\/?page_id=211\">Wie ist das Programm aufgebaut und welche Ma\u00dfnahmen beinhaltet es f\u00fcr mich\u00a0in der\u00a0Hausarztpraxis?<\/a><\/p>\n<p><a href=\"https:\/\/vespeera.org\/?page_id=216\">Wer kann an VESPEERA teilnehmen?<\/a><\/p>\n<p><a href=\"https:\/\/vespeera.org\/?page_id=259\">Welche Krankenh\u00e4user nehmen an VESPEERA teil?<\/a><\/p>\n<p><a href=\"https:\/\/vespeera.org\/?page_id=219\">Was ist das CareCockpit?<\/a><\/p>\n<p><a href=\"https:\/\/vespeera.org\/?page_id=229\">Was ist der Pr\u00fcfzentrumsordner?<\/a><\/p>\n<p><a href=\"https:\/\/vespeera.org\/?page_id=231\">Was sind Feedbacktreffen?<\/a><\/p>\n<p>Haben Sie weitere Fragen? Nehmen Sie <a href=\"https:\/\/vespeera.org\/?page_id=35\">Kontakt<\/a> zu uns auf!<\/p>\n<figure id=\"attachment_92\" aria-describedby=\"caption-attachment-92\" style=\"width: 525px\" class=\"wp-caption alignnone\"><img loading=\"lazy\" decoding=\"async\" class=\"size-large wp-image-92\" src=\"https:\/\/vespeera.org\/wp-content\/uploads\/2018\/05\/Gespr_Aerztin_Pat-1024x683.jpg\" alt=\"\" width=\"525\" height=\"350\" srcset=\"https:\/\/vespeera.org\/wp-content\/uploads\/2018\/05\/Gespr_Aerztin_Pat-1024x683.jpg 1024w, https:\/\/vespeera.org\/wp-content\/uploads\/2018\/05\/Gespr_Aerztin_Pat-300x200.jpg 300w, https:\/\/vespeera.org\/wp-content\/uploads\/2018\/05\/Gespr_Aerztin_Pat-768x512.jpg 768w\" sizes=\"auto, (max-width: 525px) 100vw, 525px\" \/><figcaption id=\"caption-attachment-92\" class=\"wp-caption-text\">\u00a9 Universit\u00e4tsklinikum Heidelberg<\/figcaption><\/figure>\n<p><a href=\"https:\/\/vespeera.org\/\">zur\u00fcck zur Startseite<\/a><\/p>\n","protected":false},"excerpt":{"rendered":"<p>Aufgrund der steigenden Komplexit\u00e4t des Versorgungssystems und eines steigenden Bedarfs an Behandlungen, k\u00f6nnen bestehende Versorgungsbr\u00fcche zwischen dem ambulanten und station\u00e4ren Sektor eine qualitativ hochwertige Patientenversorgung und damit den gesamten Genesungsprozess von Patienten beeintr\u00e4chtigen. Ziel des Projektes VESPEERA ist daher die Optimierung der sektoren\u00fcbergreifenden Versorgung. Im Folgenden k\u00f6nnen Sie sich n\u00e4her \u00fcber VESPEERA informieren. Hierzu finden &hellip; <\/p>\n<p class=\"link-more\"><a href=\"https:\/\/vespeera.org\/?page_id=54\" class=\"more-link\"><span class=\"screen-reader-text\">\u201eInformationen f\u00fcr Hausarztpraxen\u201c <\/span>weiterlesen<\/a><\/p>\n","protected":false},"author":1,"featured_media":0,"parent":13,"menu_order":0,"comment_status":"closed","ping_status":"closed","template":"","meta":{"footnotes":""},"class_list":["post-54","page","type-page","status-publish","hentry"],"_links":{"self":[{"href":"https:\/\/vespeera.org\/index.php?rest_route=\/wp\/v2\/pages\/54","targetHints":{"allow":["GET"]}}],"collection":[{"href":"https:\/\/vespeera.org\/index.php?rest_route=\/wp\/v2\/pages"}],"about":[{"href":"https:\/\/vespeera.org\/index.php?rest_route=\/wp\/v2\/types\/page"}],"author":[{"embeddable":true,"href":"https:\/\/vespeera.org\/index.php?rest_route=\/wp\/v2\/users\/1"}],"replies":[{"embeddable":true,"href":"https:\/\/vespeera.org\/index.php?rest_route=%2Fwp%2Fv2%2Fcomments&post=54"}],"version-history":[{"count":16,"href":"https:\/\/vespeera.org\/index.php?rest_route=\/wp\/v2\/pages\/54\/revisions"}],"predecessor-version":[{"id":287,"href":"https:\/\/vespeera.org\/index.php?rest_route=\/wp\/v2\/pages\/54\/revisions\/287"}],"up":[{"embeddable":true,"href":"https:\/\/vespeera.org\/index.php?rest_route=\/wp\/v2\/pages\/13"}],"wp:attachment":[{"href":"https:\/\/vespeera.org\/index.php?rest_route=%2Fwp%2Fv2%2Fmedia&parent=54"}],"curies":[{"name":"wp","href":"https:\/\/api.w.org\/{rel}","templated":true}]}}