{"id":35,"date":"2018-05-02T09:21:30","date_gmt":"2018-05-02T09:21:30","guid":{"rendered":"http:\/\/vespeera.org\/?page_id=35"},"modified":"2018-10-17T12:45:10","modified_gmt":"2018-10-17T12:45:10","slug":"kontakt","status":"publish","type":"page","link":"https:\/\/vespeera.org\/?page_id=35","title":{"rendered":"Kontakt"},"content":{"rendered":"<p>F\u00fcr weitere Informationen sowie f\u00fcr Ausk\u00fcnfte \u00fcber allgemeine Ergebnisse und den Ausgang der Studie wenden Sie sich bitte per E-Mail an die Studienzentrale\u00a0in der Abteilung Allgemeinmedizin und Versorgungsforschung\u00a0am Universit\u00e4tsklinikum Heidelberg:<\/p>\n<p><a href=\"mailto:vespeera.amed@med.uni-heidelberg.de\">vespeera.amed@med.uni-heidelberg.de<\/a><\/p>\n<p>&nbsp;<\/p>\n<p><a href=\"https:\/\/vespeera.org\/\">zur\u00fcck zur Startseite<\/a><\/p>\n","protected":false},"excerpt":{"rendered":"<p>F\u00fcr weitere Informationen sowie f\u00fcr Ausk\u00fcnfte \u00fcber allgemeine Ergebnisse und den Ausgang der Studie wenden Sie sich bitte per E-Mail an die Studienzentrale\u00a0in der Abteilung Allgemeinmedizin und Versorgungsforschung\u00a0am Universit\u00e4tsklinikum Heidelberg: vespeera.amed@med.uni-heidelberg.de &nbsp; zur\u00fcck zur Startseite<\/p>\n","protected":false},"author":1,"featured_media":0,"parent":0,"menu_order":0,"comment_status":"closed","ping_status":"closed","template":"","meta":{"footnotes":""},"class_list":["post-35","page","type-page","status-publish","hentry"],"_links":{"self":[{"href":"https:\/\/vespeera.org\/index.php?rest_route=\/wp\/v2\/pages\/35","targetHints":{"allow":["GET"]}}],"collection":[{"href":"https:\/\/vespeera.org\/index.php?rest_route=\/wp\/v2\/pages"}],"about":[{"href":"https:\/\/vespeera.org\/index.php?rest_route=\/wp\/v2\/types\/page"}],"author":[{"embeddable":true,"href":"https:\/\/vespeera.org\/index.php?rest_route=\/wp\/v2\/users\/1"}],"replies":[{"embeddable":true,"href":"https:\/\/vespeera.org\/index.php?rest_route=%2Fwp%2Fv2%2Fcomments&post=35"}],"version-history":[{"count":4,"href":"https:\/\/vespeera.org\/index.php?rest_route=\/wp\/v2\/pages\/35\/revisions"}],"predecessor-version":[{"id":201,"href":"https:\/\/vespeera.org\/index.php?rest_route=\/wp\/v2\/pages\/35\/revisions\/201"}],"wp:attachment":[{"href":"https:\/\/vespeera.org\/index.php?rest_route=%2Fwp%2Fv2%2Fmedia&parent=35"}],"curies":[{"name":"wp","href":"https:\/\/api.w.org\/{rel}","templated":true}]}}