{"id":299,"date":"2019-03-11T08:40:51","date_gmt":"2019-03-11T08:40:51","guid":{"rendered":"http:\/\/vespeera.org\/?page_id=299"},"modified":"2023-02-13T11:56:11","modified_gmt":"2023-02-13T11:56:11","slug":"publikationen","status":"publish","type":"page","link":"https:\/\/vespeera.org\/?page_id=299","title":{"rendered":"Publikationen"},"content":{"rendered":"<p>Im Folgenden finden Sie Publikationen und Kongressbeitr\u00e4ge, die im Rahmen von VESPEERA entstanden sind.<\/p>\n<p style=\"text-align: center;\">2023<\/p>\n<p><strong>Publikation der Ergebnisse des VESPEERA Programms<\/strong><\/p>\n<p><span style=\"color: #000000; font-family: Shruti;\">Forstner J, Pilz M, Stra\u00dfner C, Weis A, Litke N, Uhlmann L, Peters-Klimm F, Allutis F, Baldauf A, Kiel M, Qreini M, Kaufmann-Kolle P, Schubert-Haack J, El-Kurd N, Tomaschko-Ubel\u00e4nder K, Treffert S, R\u00fcck R, Handlos B, Karakas G, Wensing M, Szecsenyi J. Hospital Admission and Discharge: Lessons Learned from a Large Programme in Southwest Germany. International Journal of Integrated Care. 2023;23(1):4. http:\/\/doi.org\/10.5334\/ijic.6534<\/span><\/p>\n<p>Klicken Sie <a href=\"https:\/\/www.ijic.org\/article\/10.5334\/ijic.6534\/\" target=\"_blank\" rel=\"noopener\">hier<\/a>, um die Publikation einzusehen.<\/p>\n<p style=\"text-align: center;\">2022<\/p>\n<p><strong>Publikation zur Erlangung neuer Routinen im Rahmen der Implementierung der VESPEERA Komponenten<\/strong><\/p>\n<p><span style=\"color: #000000; font-family: Shruti;\">Forstner J, Litke N, Weis A, Stra\u00dfner C, Szecsenyi J, Wensing M. How to fall into a new routine: factors influencing the implementation of an admission and discharge programme in hospitals and general practices. BMC Health Serv Res 22, 1289 (2022). https:\/\/doi.org\/10.1186\/s12913-022-08644-5\u00a0<\/span><\/p>\n<p>Klicken Sie <a href=\"https:\/\/bmchealthservres.biomedcentral.com\/articles\/10.1186\/s12913-022-08644-5#citeas\" target=\"_blank\" rel=\"noopener\">hier<\/a>, um die Publikation einzusehen.<\/p>\n<p style=\"text-align: center;\">2021<\/p>\n<p><strong>Vortrag bei dem 20. Deutschen Kongress f\u00fcr Versorgungsforschung 2021<\/strong><\/p>\n<p><span style=\"color: #000000; font-family: Shruti;\">Forstner J, Pilz M, Stra\u00dfner C, Weis A, Litke N, Uhlmann L,\u00a0 Peters-Klimm F, Wensing M,\u00a0 Kaufmann-Kolle P,\u00a0 El-Kurd N, Tomaschko-Ubel\u00e4nder K, Treffert S, R\u00fcck R, Handlos B, Karakas G,\u00a0 Szecsenyi J. Einweisungs- und Entlassmanagement in Hausarztpraxen und Krankenh\u00e4usern: Ergebnisse der Evaluation der neuen Versorgungsform VESPEERA.<\/span><\/p>\n<p><strong>Vortrag im Rahmen des Symposiums mit dem Thema &#8222;Kontinuit\u00e4t in der medizinischen Versorgung von Patient*innen an der Schnittstelle Hausarztpraxis und Krankenhaus&#8220; bei dem 55. DEGAM-Kongress 2021 in L\u00fcbeck<\/strong><\/p>\n<p><span style=\"color: #000000; font-family: Shruti;\">Forstner J, Pilz M, Stra\u00dfner C, Weis A, Litke N, Uhlmann L, Wiezorreck L, Peters-Klimm F, Aluttis F, Baldauf A, Kiel M, Qreini M, Kaufmann-Kolle P, Schubert J, El-Kurd N, Tomaschko-Ubel\u00e4nder K, Treffert S, R\u00fcck R, Handlos B, Karakas G, Wensing M, Szecsenyi J. Verbesserung von Krankenhauseinweisungen und -entlassungen: Ergebnisse der Ergebnis- und Prozessevaluation des VESPEERA-Projekts.<\/span><\/p>\n<p><strong>Publikation der Abschlussberichte und des Beschlusses des G-BA<\/strong><\/p>\n<p>Klicken Sie <a href=\"https:\/\/innovationsfonds.g-ba.de\/projekte\/neue-versorgungsformen\/vespeera-versorgungskontinuitaet-sichern-patientenorientiertes-einweisungs-und-entlassmanagement-in-hausarztpraxen-und-krankenhaeusern.104\">hier<\/a>, um die Abschlussberichte und den Beschluss einzusehen.<\/p>\n<p><strong>Publikation\u00a0 zu Ergebnissen der qualitativen Interviews mit Leistungserbringern<\/strong><\/p>\n<p><span style=\"color: #000000; font-family: Shruti;\">Forstner J, Bossert J, Weis A, Litke N, Strassner C, Szecsenyi J, Wensing M. The role of personalised professional relations across care sectors in achieving high continuity of care. BMC Fam Pract 2021; 22:72<\/span><\/p>\n<p>Klicken Sie <a href=\"https:\/\/vespeera.org\/wp-content\/uploads\/2021\/04\/Forstner-et-al.-2021_personal-relations-CoC.pdf\">hier<\/a>, um die Publikation einzusehen.<\/p>\n<p style=\"text-align: center;\">2020<\/p>\n<p><strong>Publikation T0 Patientenbefragung<\/strong><\/p>\n<p><span style=\"color: #000000; font-family: Shruti;\">Stra\u00dfner C, Forstner J, Szecsenyi J, Wensing M, Kaufmann-Kolle P, G\u00fcnther W. Patientenerfahrungen bez\u00fcglich Einweisung, Entlassung und Weiterversorgung im Rahmen einer Krankenhausbehandlung. ZFA 2020; 96 (2)<\/span><\/p>\n<p align=\"LEFT\">Klicken Sie <a href=\"https:\/\/vespeera.org\/wp-content\/uploads\/2021\/01\/Strassner-et-al.-2020-Patientenerfahrungen-im-Krankenhaus-2.pdf\">hier<\/a>, um die Publikation einzusehen.<\/p>\n<p align=\"LEFT\"><strong>Vortrag bei der 25. WONCA Europe Conference 2020<\/strong><\/p>\n<p><span style=\"color: #000000; font-family: Shruti;\">Forstner J, Weis A, Stra\u00dfner C, Wiezorreck L, Litke N, Szecsenyi J, Wensing M. Hospital admissions in hospitals and general practices: status quo and prospects.<\/span><\/p>\n<p style=\"text-align: center;\">2019<\/p>\n<p><strong>Publikation Studienprotokoll VESPEERA-Prozessevaluation<\/strong><\/p>\n<p><span style=\"color: #000000; font-family: Shruti;\">Forstner J, Kunz A, Strassner C, Uhlmann L, K\u00fcmmel S, Szecsenyi J, Wensing M. Improving continuity of patient care across sectors: study protocol of the process Evaluation of a quasi-experimental multi-centre study regarding an admission and discharge model in Germany (VESPEERA). BMJ Open 2019;9:e031245.<\/span><\/p>\n<p>Klicken Sie <a href=\"https:\/\/vespeera.org\/wp-content\/uploads\/2019\/11\/Forstner-et-al.-2019_VESPEERA_Studienprotokoll_ProcEva.pdf\" target=\"_blank\" rel=\"noopener\">hier<\/a>, um die Publikation einzusehen.<\/p>\n<p><strong>Posterpr\u00e4sentation auf dem 53. Kongress f\u00fcr Allgemeinmedizin und Familienmedizin (DEGAM) am 12.-14. September 2019 in Erlangen<\/strong><\/p>\n<p><span style=\"color: #000000; font-family: Shruti;\">Forstner J,\u00a0 Stra\u00dfner C, Peters-Klimm F, Freund T, Wensing M, El-Kurd N, K\u00fcmmel S, R\u00fcck R, Handlos B, Szecsenyi J. Entwicklung und Konzeption des Versorgungsmodells VESPEERA. Versorgungskontinuit\u00e4t sichern: patientenorientiertes Einweisungs- und Entlassmanagement in Hausarztpraxen und Krankenh\u00e4usern. <\/span><\/p>\n<p>Klicken Sie\u00a0<a href=\"https:\/\/vespeera.org\/wp-content\/uploads\/2019\/11\/VESPEERA_Poster_DEGAM_20190909_final.pdf\" target=\"_blank\" rel=\"attachment noopener wp-att-351\">hier<\/a>, um das Poster einzusehen.<\/p>\n<p><strong>Publikation Studienprotokoll VESPEERA<\/strong><\/p>\n<p><span style=\"color: #000000; font-family: Shruti;\">Forstner J, Strassner C, Kunz A, Uhlmann L, Freund T, Peters-Klimm F, et al. Improving continuity of patient care across sectors: study protocol of a quasi-experimental multi-centre study regarding an admission and discharge model in Germany (VESPEERA). BMC Health Serv Res. 2019;19:206.<\/span><\/p>\n<p>Klicken Sie <a href=\"https:\/\/rdcu.be\/btXnt\" target=\"_blank\" rel=\"noopener\">hier<\/a>, um die Publikation einzusehen.<\/p>\n<p style=\"text-align: center;\">2018<\/p>\n<p><strong>Posterpr\u00e4sentation auf dem 17. Deutschen Kongress f\u00fcr Versorgungsforschung am 10.-12. Oktober 2018 in Berlin<\/strong><\/p>\n<p><span style=\"color: #000000; font-family: Shruti;\">Forstner J,\u00a0 Kunz A, Baldauf A, Kiel M, Aluttis F, Stra\u00dfner C, Peters-Klimm F, Szecsenyi J, El-Kurd N, K\u00fcmmel S, Gutscher A, R\u00fcck R, Uhlmann L, Wensing M. Neue Wege beim Managen von Krankenhauseinweisungen und -Entlassungen: Ein aktueller Blick auf die Einstellungen relevanter Akteure. <\/span><\/p>\n<p style=\"text-align: left;\">Klicken Sie\u00a0<a href=\"https:\/\/vespeera.org\/wp-content\/uploads\/2019\/03\/VESPEERA_Poster_DKVF_20181008_final.pdf\" target=\"_blank\" rel=\"noopener\">hier<\/a>, um das Poster einzusehen.<\/p>\n","protected":false},"excerpt":{"rendered":"<p>Im Folgenden finden Sie Publikationen und Kongressbeitr\u00e4ge, die im Rahmen von VESPEERA entstanden sind. 2023 Publikation der Ergebnisse des VESPEERA Programms Forstner J, Pilz M, Stra\u00dfner C, Weis A, Litke N, Uhlmann L, Peters-Klimm F, Allutis F, Baldauf A, Kiel M, Qreini M, Kaufmann-Kolle P, Schubert-Haack J, El-Kurd N, Tomaschko-Ubel\u00e4nder K, Treffert S, R\u00fcck R, &hellip; <\/p>\n<p class=\"link-more\"><a href=\"https:\/\/vespeera.org\/?page_id=299\" class=\"more-link\"><span class=\"screen-reader-text\">\u201ePublikationen\u201c <\/span>weiterlesen<\/a><\/p>\n","protected":false},"author":1,"featured_media":0,"parent":0,"menu_order":0,"comment_status":"closed","ping_status":"closed","template":"","meta":{"footnotes":""},"class_list":["post-299","page","type-page","status-publish","hentry"],"_links":{"self":[{"href":"https:\/\/vespeera.org\/index.php?rest_route=\/wp\/v2\/pages\/299","targetHints":{"allow":["GET"]}}],"collection":[{"href":"https:\/\/vespeera.org\/index.php?rest_route=\/wp\/v2\/pages"}],"about":[{"href":"https:\/\/vespeera.org\/index.php?rest_route=\/wp\/v2\/types\/page"}],"author":[{"embeddable":true,"href":"https:\/\/vespeera.org\/index.php?rest_route=\/wp\/v2\/users\/1"}],"replies":[{"embeddable":true,"href":"https:\/\/vespeera.org\/index.php?rest_route=%2Fwp%2Fv2%2Fcomments&post=299"}],"version-history":[{"count":34,"href":"https:\/\/vespeera.org\/index.php?rest_route=\/wp\/v2\/pages\/299\/revisions"}],"predecessor-version":[{"id":401,"href":"https:\/\/vespeera.org\/index.php?rest_route=\/wp\/v2\/pages\/299\/revisions\/401"}],"wp:attachment":[{"href":"https:\/\/vespeera.org\/index.php?rest_route=%2Fwp%2Fv2%2Fmedia&parent=299"}],"curies":[{"name":"wp","href":"https:\/\/api.w.org\/{rel}","templated":true}]}}