{"id":259,"date":"2019-01-31T14:46:25","date_gmt":"2019-01-31T14:46:25","guid":{"rendered":"http:\/\/vespeera.org\/?page_id=259"},"modified":"2019-01-31T15:20:36","modified_gmt":"2019-01-31T15:20:36","slug":"teilnehmende-krankenhaeuser","status":"publish","type":"page","link":"https:\/\/vespeera.org\/?page_id=259","title":{"rendered":"Teilnehmende Krankenh\u00e4user"},"content":{"rendered":"<p>Die Fachabteilungen der folgenden Krankenh\u00e4user nehmen an VESPEERA teil*:<\/p>\n<table style=\"height: 839px;\" width=\"630\">\n<tbody>\n<tr>\n<td width=\"245\"><strong> Universit\u00e4tsklinikum Heidelberg<\/strong><\/td>\n<td width=\"245\">Kardiologie,<br \/>\nNeurologie<br \/>\nOrthop\u00e4die<br \/>\nHNO<br \/>\nDermatologie<br \/>\nGastroenterologie<\/td>\n<\/tr>\n<tr>\n<td width=\"245\"><strong>Medius Kliniken<br \/>\nan den Standorten N\u00fcrtingen,<br \/>\n<\/strong><strong>Kirchheim, Ruit<\/strong><\/td>\n<td width=\"245\">Innere<br \/>\nChirurgie<br \/>\nGyn\u00e4kologie (N\u00fcrtingen u. Ruit)<br \/>\nInnere, Chirurgie, Neurologie (Kirchheim)<\/td>\n<\/tr>\n<tr>\n<td width=\"245\"><strong>Marienhospital Stuttgart<\/strong><\/td>\n<td width=\"245\">Zentrum<br \/>\nInnere Medizin II:<br \/>\nGastroenterologie\u00a0 Hepatologie<br \/>\nNephrologie<br \/>\nPneumologie<br \/>\nRheumatologie\u00a0 Klinische Immunologie<br \/>\nSchlaf- und Beatmungsmedizin<br \/>\nTauchmedizin<\/td>\n<\/tr>\n<tr>\n<td width=\"317\"><strong>Klinikum Stuttgart, Standort Bad Cannstatt <\/strong><\/td>\n<td width=\"245\">Gastroenterologie<br \/>\nDiabetologie<br \/>\nChirurgie<br \/>\nOrthop\u00e4die<br \/>\nUnfallchirurgie<\/td>\n<\/tr>\n<tr>\n<td width=\"317\"><strong>Universit\u00e4tsklinikum T\u00fcbingen<\/strong><\/td>\n<td width=\"245\">Innere I:<br \/>\nGastroenterologie<br \/>\nHepatologie<br \/>\nInfektionskrankheiten<\/td>\n<\/tr>\n<\/tbody>\n<\/table>\n<p>*<strong>Hinweis an Hausarztpraxen:<\/strong><br \/>\nBitte beachten Sie, dass Patienten an VESPEEA teilnehmen k\u00f6nnen, unabh\u00e4ngig davon, ob sie in eine am Projekt teilnehmende oder nicht teilnehmende Krankenhausabteilung eingewiesen werden!<\/p>\n<p><em>Bei Fragen zur Patientenrekrutierung wenden Sie sich bitte an die Studienzentrale.<\/em><\/p>\n<p><a href=\"https:\/\/vespeera.org\/\">zur\u00fcck\u00a0zur Startseite<\/a><\/p>\n","protected":false},"excerpt":{"rendered":"<p>Die Fachabteilungen der folgenden Krankenh\u00e4user nehmen an VESPEERA teil*: Universit\u00e4tsklinikum Heidelberg Kardiologie, Neurologie Orthop\u00e4die HNO Dermatologie Gastroenterologie Medius Kliniken an den Standorten N\u00fcrtingen, Kirchheim, Ruit Innere Chirurgie Gyn\u00e4kologie (N\u00fcrtingen u. Ruit) Innere, Chirurgie, Neurologie (Kirchheim) Marienhospital Stuttgart Zentrum Innere Medizin II: Gastroenterologie\u00a0 Hepatologie Nephrologie Pneumologie Rheumatologie\u00a0 Klinische Immunologie Schlaf- und Beatmungsmedizin Tauchmedizin Klinikum Stuttgart, Standort &hellip; <\/p>\n<p class=\"link-more\"><a href=\"https:\/\/vespeera.org\/?page_id=259\" class=\"more-link\"><span class=\"screen-reader-text\">\u201eTeilnehmende Krankenh\u00e4user\u201c <\/span>weiterlesen<\/a><\/p>\n","protected":false},"author":1,"featured_media":0,"parent":54,"menu_order":1,"comment_status":"closed","ping_status":"closed","template":"","meta":{"footnotes":""},"class_list":["post-259","page","type-page","status-publish","hentry"],"_links":{"self":[{"href":"https:\/\/vespeera.org\/index.php?rest_route=\/wp\/v2\/pages\/259","targetHints":{"allow":["GET"]}}],"collection":[{"href":"https:\/\/vespeera.org\/index.php?rest_route=\/wp\/v2\/pages"}],"about":[{"href":"https:\/\/vespeera.org\/index.php?rest_route=\/wp\/v2\/types\/page"}],"author":[{"embeddable":true,"href":"https:\/\/vespeera.org\/index.php?rest_route=\/wp\/v2\/users\/1"}],"replies":[{"embeddable":true,"href":"https:\/\/vespeera.org\/index.php?rest_route=%2Fwp%2Fv2%2Fcomments&post=259"}],"version-history":[{"count":16,"href":"https:\/\/vespeera.org\/index.php?rest_route=\/wp\/v2\/pages\/259\/revisions"}],"predecessor-version":[{"id":289,"href":"https:\/\/vespeera.org\/index.php?rest_route=\/wp\/v2\/pages\/259\/revisions\/289"}],"up":[{"embeddable":true,"href":"https:\/\/vespeera.org\/index.php?rest_route=\/wp\/v2\/pages\/54"}],"wp:attachment":[{"href":"https:\/\/vespeera.org\/index.php?rest_route=%2Fwp%2Fv2%2Fmedia&parent=259"}],"curies":[{"name":"wp","href":"https:\/\/api.w.org\/{rel}","templated":true}]}}