{"id":242,"date":"2018-11-27T15:28:30","date_gmt":"2018-11-27T15:28:30","guid":{"rendered":"http:\/\/vespeera.org\/?page_id=242"},"modified":"2018-11-27T15:30:48","modified_gmt":"2018-11-27T15:30:48","slug":"wird-der-mehraufwand-durch-vespeera-verguetet","status":"publish","type":"page","link":"https:\/\/vespeera.org\/?page_id=242","title":{"rendered":"Wird der Mehraufwand durch VESPEERA verg\u00fctet?"},"content":{"rendered":"<p>Im Rahmen der VESPEERA-Studie erhalten Krankenh\u00e4user eine Verg\u00fctungspauschale\u00a0f\u00fcr jeden\u00a0VESPEERA-Patienten.<\/p>\n<p><a href=\"https:\/\/vespeera.org\/?page_id=57\">zur\u00fcck<\/a><\/p>\n","protected":false},"excerpt":{"rendered":"<p>Im Rahmen der VESPEERA-Studie erhalten Krankenh\u00e4user eine Verg\u00fctungspauschale\u00a0f\u00fcr jeden\u00a0VESPEERA-Patienten. zur\u00fcck<\/p>\n","protected":false},"author":1,"featured_media":0,"parent":57,"menu_order":1,"comment_status":"closed","ping_status":"closed","template":"","meta":{"footnotes":""},"class_list":["post-242","page","type-page","status-publish","hentry"],"_links":{"self":[{"href":"https:\/\/vespeera.org\/index.php?rest_route=\/wp\/v2\/pages\/242","targetHints":{"allow":["GET"]}}],"collection":[{"href":"https:\/\/vespeera.org\/index.php?rest_route=\/wp\/v2\/pages"}],"about":[{"href":"https:\/\/vespeera.org\/index.php?rest_route=\/wp\/v2\/types\/page"}],"author":[{"embeddable":true,"href":"https:\/\/vespeera.org\/index.php?rest_route=\/wp\/v2\/users\/1"}],"replies":[{"embeddable":true,"href":"https:\/\/vespeera.org\/index.php?rest_route=%2Fwp%2Fv2%2Fcomments&post=242"}],"version-history":[{"count":1,"href":"https:\/\/vespeera.org\/index.php?rest_route=\/wp\/v2\/pages\/242\/revisions"}],"predecessor-version":[{"id":243,"href":"https:\/\/vespeera.org\/index.php?rest_route=\/wp\/v2\/pages\/242\/revisions\/243"}],"up":[{"embeddable":true,"href":"https:\/\/vespeera.org\/index.php?rest_route=\/wp\/v2\/pages\/57"}],"wp:attachment":[{"href":"https:\/\/vespeera.org\/index.php?rest_route=%2Fwp%2Fv2%2Fmedia&parent=242"}],"curies":[{"name":"wp","href":"https:\/\/api.w.org\/{rel}","templated":true}]}}