{"id":24,"date":"2018-05-02T09:07:05","date_gmt":"2018-05-02T09:07:05","guid":{"rendered":"http:\/\/vespeera.org\/?page_id=24"},"modified":"2019-03-11T08:43:07","modified_gmt":"2019-03-11T08:43:07","slug":"ueber-uns","status":"publish","type":"page","link":"https:\/\/vespeera.org\/?page_id=24","title":{"rendered":"\u00dcber uns"},"content":{"rendered":"<p>Das VESPEERA-Projekt wird aus \u00f6ffentlichen Mitteln gef\u00f6rdert (Innovationsfonds) und unter der Konsortialf\u00fchrung\u00a0der AOK Baden-W\u00fcrttemberg durchgef\u00fchrt. Studienzentrale ist die Abteilung Allgemeinmedizin und Versorgungsforschung des Universit\u00e4tsklinikums Heidelberg. Weitere beteiligte Partner sind das aQua-Institut f\u00fcr angewandte Qualit\u00e4tsf\u00f6rderung und Forschung im Gesundheitswesen in G\u00f6ttingen, die Haus\u00e4rztliche Vertragsgemeinschaft AG (H\u00c4VG), das Institut f\u00fcr Medizinische Biometrie und Informatik des Universit\u00e4tsklinikums Heidelberg und der Gesundheitstreffpunkt Mannheim e.V., sowie Klinken und Hausarztpraxen.<\/p>\n<p><img loading=\"lazy\" decoding=\"async\" class=\"aligncenter size-large wp-image-193\" src=\"https:\/\/vespeera.org\/wp-content\/uploads\/2018\/10\/Video4-1024x577.jpg\" alt=\"\" width=\"525\" height=\"296\" srcset=\"https:\/\/vespeera.org\/wp-content\/uploads\/2018\/10\/Video4-1024x577.jpg 1024w, https:\/\/vespeera.org\/wp-content\/uploads\/2018\/10\/Video4-300x169.jpg 300w, https:\/\/vespeera.org\/wp-content\/uploads\/2018\/10\/Video4-768x433.jpg 768w, https:\/\/vespeera.org\/wp-content\/uploads\/2018\/10\/Video4.jpg 1664w\" sizes=\"auto, (max-width: 525px) 100vw, 525px\" \/><\/p>\n<p>&nbsp;<\/p>\n<p><a href=\"https:\/\/vespeera.org\/\">zur\u00fcck zur Startseite<\/a><\/p>\n","protected":false},"excerpt":{"rendered":"<p>Das VESPEERA-Projekt wird aus \u00f6ffentlichen Mitteln gef\u00f6rdert (Innovationsfonds) und unter der Konsortialf\u00fchrung\u00a0der AOK Baden-W\u00fcrttemberg durchgef\u00fchrt. Studienzentrale ist die Abteilung Allgemeinmedizin und Versorgungsforschung des Universit\u00e4tsklinikums Heidelberg. Weitere beteiligte Partner sind das aQua-Institut f\u00fcr angewandte Qualit\u00e4tsf\u00f6rderung und Forschung im Gesundheitswesen in G\u00f6ttingen, die Haus\u00e4rztliche Vertragsgemeinschaft AG (H\u00c4VG), das Institut f\u00fcr Medizinische Biometrie und Informatik des Universit\u00e4tsklinikums Heidelberg &hellip; <\/p>\n<p class=\"link-more\"><a href=\"https:\/\/vespeera.org\/?page_id=24\" class=\"more-link\"><span class=\"screen-reader-text\">\u201e\u00dcber uns\u201c <\/span>weiterlesen<\/a><\/p>\n","protected":false},"author":1,"featured_media":0,"parent":0,"menu_order":0,"comment_status":"closed","ping_status":"closed","template":"","meta":{"footnotes":""},"class_list":["post-24","page","type-page","status-publish","hentry"],"_links":{"self":[{"href":"https:\/\/vespeera.org\/index.php?rest_route=\/wp\/v2\/pages\/24","targetHints":{"allow":["GET"]}}],"collection":[{"href":"https:\/\/vespeera.org\/index.php?rest_route=\/wp\/v2\/pages"}],"about":[{"href":"https:\/\/vespeera.org\/index.php?rest_route=\/wp\/v2\/types\/page"}],"author":[{"embeddable":true,"href":"https:\/\/vespeera.org\/index.php?rest_route=\/wp\/v2\/users\/1"}],"replies":[{"embeddable":true,"href":"https:\/\/vespeera.org\/index.php?rest_route=%2Fwp%2Fv2%2Fcomments&post=24"}],"version-history":[{"count":7,"href":"https:\/\/vespeera.org\/index.php?rest_route=\/wp\/v2\/pages\/24\/revisions"}],"predecessor-version":[{"id":302,"href":"https:\/\/vespeera.org\/index.php?rest_route=\/wp\/v2\/pages\/24\/revisions\/302"}],"wp:attachment":[{"href":"https:\/\/vespeera.org\/index.php?rest_route=%2Fwp%2Fv2%2Fmedia&parent=24"}],"curies":[{"name":"wp","href":"https:\/\/api.w.org\/{rel}","templated":true}]}}