{"id":238,"date":"2018-11-27T15:24:06","date_gmt":"2018-11-27T15:24:06","guid":{"rendered":"http:\/\/vespeera.org\/?page_id=238"},"modified":"2018-11-27T15:24:06","modified_gmt":"2018-11-27T15:24:06","slug":"was-beinhaltet-das-telefonat-zwischen-hausarztpraxis-und-krankenhaus","status":"publish","type":"page","link":"https:\/\/vespeera.org\/?page_id=238","title":{"rendered":"Was beinhaltet das Telefonat zwischen Hausarztpraxis und Krankenhaus?"},"content":{"rendered":"<p>Vor der Entlassung wird bei Bedarf ein Telefonat zwischen der behandelnden Person im Krankenhaus und der Hausarztpraxis durchgef\u00fchrt. Inhalte k\u00f6nnen zum Beispiel die Besprechung des station\u00e4ren Behandlungsverlaufes, die weitere Behandlung und die Notwendigkeit der Einbeziehung von weiteren Leistungserbringern oder auch die Durchf\u00fchrung von Monitoringma\u00dfnahmen sein.<\/p>\n<p><a href=\"https:\/\/vespeera.org\/?page_id=57\">zur\u00fcck<\/a><\/p>\n","protected":false},"excerpt":{"rendered":"<p>Vor der Entlassung wird bei Bedarf ein Telefonat zwischen der behandelnden Person im Krankenhaus und der Hausarztpraxis durchgef\u00fchrt. Inhalte k\u00f6nnen zum Beispiel die Besprechung des station\u00e4ren Behandlungsverlaufes, die weitere Behandlung und die Notwendigkeit der Einbeziehung von weiteren Leistungserbringern oder auch die Durchf\u00fchrung von Monitoringma\u00dfnahmen sein. zur\u00fcck<\/p>\n","protected":false},"author":1,"featured_media":0,"parent":57,"menu_order":1,"comment_status":"closed","ping_status":"closed","template":"","meta":{"footnotes":""},"class_list":["post-238","page","type-page","status-publish","hentry"],"_links":{"self":[{"href":"https:\/\/vespeera.org\/index.php?rest_route=\/wp\/v2\/pages\/238","targetHints":{"allow":["GET"]}}],"collection":[{"href":"https:\/\/vespeera.org\/index.php?rest_route=\/wp\/v2\/pages"}],"about":[{"href":"https:\/\/vespeera.org\/index.php?rest_route=\/wp\/v2\/types\/page"}],"author":[{"embeddable":true,"href":"https:\/\/vespeera.org\/index.php?rest_route=\/wp\/v2\/users\/1"}],"replies":[{"embeddable":true,"href":"https:\/\/vespeera.org\/index.php?rest_route=%2Fwp%2Fv2%2Fcomments&post=238"}],"version-history":[{"count":1,"href":"https:\/\/vespeera.org\/index.php?rest_route=\/wp\/v2\/pages\/238\/revisions"}],"predecessor-version":[{"id":239,"href":"https:\/\/vespeera.org\/index.php?rest_route=\/wp\/v2\/pages\/238\/revisions\/239"}],"up":[{"embeddable":true,"href":"https:\/\/vespeera.org\/index.php?rest_route=\/wp\/v2\/pages\/57"}],"wp:attachment":[{"href":"https:\/\/vespeera.org\/index.php?rest_route=%2Fwp%2Fv2%2Fmedia&parent=238"}],"curies":[{"name":"wp","href":"https:\/\/api.w.org\/{rel}","templated":true}]}}