{"id":236,"date":"2018-11-27T15:22:31","date_gmt":"2018-11-27T15:22:31","guid":{"rendered":"http:\/\/vespeera.org\/?page_id=236"},"modified":"2018-11-27T15:22:31","modified_gmt":"2018-11-27T15:22:31","slug":"einweisungsbrief","status":"publish","type":"page","link":"https:\/\/vespeera.org\/?page_id=236","title":{"rendered":"Einweisungsbrief"},"content":{"rendered":"<p>Wird ein geeigneter Patient aus einer an VESPEERA teilnehmenden Hausarztpraxis eingewiesen, wird ihm im Rahmen des Projektes ein Einweisungsbrief mit in das Krankenhaus gegeben. Die Patienten sind hierbei selbst f\u00fcr die Verwaltung und \u00dcbergabe des Briefes verantwortlich. Durch den Erhalt des Briefes k\u00f6nnen Sie an der Studie teilnehmende Patienten identifizieren.<\/p>\n<p>Der Einweisungsbrief enth\u00e4lt Informationen, wie Diagnosen, Medikation, Krankheitsverlauf, Sozialanamnese und andere Aspekte, die bei der Behandlung des Patienten zu beachten sind. Zudem sind auch Daten, wie die telefonische Erreichbarkeit der Hausarztpraxis aufgef\u00fchrt, die f\u00fcr die weiteren Ma\u00dfnahmen im Rahmen von VESPEERA von Bedeutung sind.<\/p>\n<p><a href=\"https:\/\/vespeera.org\/?page_id=57\">zur\u00fcck<\/a><\/p>\n","protected":false},"excerpt":{"rendered":"<p>Wird ein geeigneter Patient aus einer an VESPEERA teilnehmenden Hausarztpraxis eingewiesen, wird ihm im Rahmen des Projektes ein Einweisungsbrief mit in das Krankenhaus gegeben. Die Patienten sind hierbei selbst f\u00fcr die Verwaltung und \u00dcbergabe des Briefes verantwortlich. Durch den Erhalt des Briefes k\u00f6nnen Sie an der Studie teilnehmende Patienten identifizieren. Der Einweisungsbrief enth\u00e4lt Informationen, wie &hellip; <\/p>\n<p class=\"link-more\"><a href=\"https:\/\/vespeera.org\/?page_id=236\" class=\"more-link\"><span class=\"screen-reader-text\">\u201eEinweisungsbrief\u201c <\/span>weiterlesen<\/a><\/p>\n","protected":false},"author":1,"featured_media":0,"parent":57,"menu_order":1,"comment_status":"closed","ping_status":"closed","template":"","meta":{"footnotes":""},"class_list":["post-236","page","type-page","status-publish","hentry"],"_links":{"self":[{"href":"https:\/\/vespeera.org\/index.php?rest_route=\/wp\/v2\/pages\/236","targetHints":{"allow":["GET"]}}],"collection":[{"href":"https:\/\/vespeera.org\/index.php?rest_route=\/wp\/v2\/pages"}],"about":[{"href":"https:\/\/vespeera.org\/index.php?rest_route=\/wp\/v2\/types\/page"}],"author":[{"embeddable":true,"href":"https:\/\/vespeera.org\/index.php?rest_route=\/wp\/v2\/users\/1"}],"replies":[{"embeddable":true,"href":"https:\/\/vespeera.org\/index.php?rest_route=%2Fwp%2Fv2%2Fcomments&post=236"}],"version-history":[{"count":1,"href":"https:\/\/vespeera.org\/index.php?rest_route=\/wp\/v2\/pages\/236\/revisions"}],"predecessor-version":[{"id":237,"href":"https:\/\/vespeera.org\/index.php?rest_route=\/wp\/v2\/pages\/236\/revisions\/237"}],"up":[{"embeddable":true,"href":"https:\/\/vespeera.org\/index.php?rest_route=\/wp\/v2\/pages\/57"}],"wp:attachment":[{"href":"https:\/\/vespeera.org\/index.php?rest_route=%2Fwp%2Fv2%2Fmedia&parent=236"}],"curies":[{"name":"wp","href":"https:\/\/api.w.org\/{rel}","templated":true}]}}