{"id":231,"date":"2018-11-27T15:14:10","date_gmt":"2018-11-27T15:14:10","guid":{"rendered":"http:\/\/vespeera.org\/?page_id=231"},"modified":"2018-11-27T15:14:10","modified_gmt":"2018-11-27T15:14:10","slug":"was-sind-feedbacktreffen","status":"publish","type":"page","link":"https:\/\/vespeera.org\/?page_id=231","title":{"rendered":"Was sind Feedbacktreffen?"},"content":{"rendered":"<p>Im Rahmen der Projektlaufzeit finden mehrere Feedbacktreffen in den Interventionsregionen statt. Zu den Feedbacktreffen werden Haus\u00e4rztInnen, VERAHs und Krankenhausmitarbeiter aus teilnehmenden Praxen und Krankenh\u00e4usern eingeladen. Ziel dieser Treffen ist es, Raum f\u00fcr den Austausch rund um VESPEERA und das Einweisungs- und Entlassmanagement zu bieten. An VESPEERA teilnehmende Hausarztpraxen und Krankenh\u00e4user werden jeweils rechtzeitig per Post und \u00fcber die VESPEERA-Website \u00fcber anstehende Treffen in ihrer N\u00e4he informiert. Schauen Sie dazu in unsere Rubrik <a href=\"https:\/\/vespeera.org\/?page_id=83\"><u><span style=\"color: #0066cc;\">Neuigkeiten.\u00a0<\/span><\/u><\/a><\/p>\n<p><a href=\"https:\/\/vespeera.org\/?page_id=54\">zur\u00fcck<\/a><\/p>\n","protected":false},"excerpt":{"rendered":"<p>Im Rahmen der Projektlaufzeit finden mehrere Feedbacktreffen in den Interventionsregionen statt. Zu den Feedbacktreffen werden Haus\u00e4rztInnen, VERAHs und Krankenhausmitarbeiter aus teilnehmenden Praxen und Krankenh\u00e4usern eingeladen. Ziel dieser Treffen ist es, Raum f\u00fcr den Austausch rund um VESPEERA und das Einweisungs- und Entlassmanagement zu bieten. An VESPEERA teilnehmende Hausarztpraxen und Krankenh\u00e4user werden jeweils rechtzeitig per Post &hellip; <\/p>\n<p class=\"link-more\"><a href=\"https:\/\/vespeera.org\/?page_id=231\" class=\"more-link\"><span class=\"screen-reader-text\">\u201eWas sind Feedbacktreffen?\u201c <\/span>weiterlesen<\/a><\/p>\n","protected":false},"author":1,"featured_media":0,"parent":54,"menu_order":1,"comment_status":"closed","ping_status":"closed","template":"","meta":{"footnotes":""},"class_list":["post-231","page","type-page","status-publish","hentry"],"_links":{"self":[{"href":"https:\/\/vespeera.org\/index.php?rest_route=\/wp\/v2\/pages\/231","targetHints":{"allow":["GET"]}}],"collection":[{"href":"https:\/\/vespeera.org\/index.php?rest_route=\/wp\/v2\/pages"}],"about":[{"href":"https:\/\/vespeera.org\/index.php?rest_route=\/wp\/v2\/types\/page"}],"author":[{"embeddable":true,"href":"https:\/\/vespeera.org\/index.php?rest_route=\/wp\/v2\/users\/1"}],"replies":[{"embeddable":true,"href":"https:\/\/vespeera.org\/index.php?rest_route=%2Fwp%2Fv2%2Fcomments&post=231"}],"version-history":[{"count":1,"href":"https:\/\/vespeera.org\/index.php?rest_route=\/wp\/v2\/pages\/231\/revisions"}],"predecessor-version":[{"id":232,"href":"https:\/\/vespeera.org\/index.php?rest_route=\/wp\/v2\/pages\/231\/revisions\/232"}],"up":[{"embeddable":true,"href":"https:\/\/vespeera.org\/index.php?rest_route=\/wp\/v2\/pages\/54"}],"wp:attachment":[{"href":"https:\/\/vespeera.org\/index.php?rest_route=%2Fwp%2Fv2%2Fmedia&parent=231"}],"curies":[{"name":"wp","href":"https:\/\/api.w.org\/{rel}","templated":true}]}}