{"id":229,"date":"2018-11-27T15:11:05","date_gmt":"2018-11-27T15:11:05","guid":{"rendered":"http:\/\/vespeera.org\/?page_id=229"},"modified":"2018-11-27T15:11:05","modified_gmt":"2018-11-27T15:11:05","slug":"was-ist-der-pruefzentrumsordner","status":"publish","type":"page","link":"https:\/\/vespeera.org\/?page_id=229","title":{"rendered":"Was ist der Pr\u00fcfzentrumsordner?"},"content":{"rendered":"<p>Sobald Sie sich nach der Teilnahme an der CareCockpit Schulung f\u00fcr die Teilnahme an VESPEERA entschieden haben, bekommen Sie von der Abteilung Allgemeinmedizin und Versorgungsforschung des Universit\u00e4tsklinikums Heidelberg einen sogenannten Pr\u00fcfzentrumsordner zugeschickt. Hierin befinden sich alle Formulare, Einverst\u00e4ndniserkl\u00e4rungen f\u00fcr die Patienten, Flow-Charts zur Durchf\u00fchrung der Studie sowie s\u00e4mtliche Informationsunterlagen, die Sie f\u00fcr die Teilnahme an der Studie ben\u00f6tigen. Zudem beinhaltet der Pr\u00fcfzentrumsordner einen USB-Stick mit der CareCockpit-Software zur Installation auf Ihrem Praxiscomputer.<\/p>\n<p><a href=\"https:\/\/vespeera.org\/?page_id=54\">zur\u00fcck<\/a><\/p>\n","protected":false},"excerpt":{"rendered":"<p>Sobald Sie sich nach der Teilnahme an der CareCockpit Schulung f\u00fcr die Teilnahme an VESPEERA entschieden haben, bekommen Sie von der Abteilung Allgemeinmedizin und Versorgungsforschung des Universit\u00e4tsklinikums Heidelberg einen sogenannten Pr\u00fcfzentrumsordner zugeschickt. Hierin befinden sich alle Formulare, Einverst\u00e4ndniserkl\u00e4rungen f\u00fcr die Patienten, Flow-Charts zur Durchf\u00fchrung der Studie sowie s\u00e4mtliche Informationsunterlagen, die Sie f\u00fcr die Teilnahme an &hellip; <\/p>\n<p class=\"link-more\"><a href=\"https:\/\/vespeera.org\/?page_id=229\" class=\"more-link\"><span class=\"screen-reader-text\">\u201eWas ist der Pr\u00fcfzentrumsordner?\u201c <\/span>weiterlesen<\/a><\/p>\n","protected":false},"author":1,"featured_media":0,"parent":54,"menu_order":1,"comment_status":"closed","ping_status":"closed","template":"","meta":{"footnotes":""},"class_list":["post-229","page","type-page","status-publish","hentry"],"_links":{"self":[{"href":"https:\/\/vespeera.org\/index.php?rest_route=\/wp\/v2\/pages\/229","targetHints":{"allow":["GET"]}}],"collection":[{"href":"https:\/\/vespeera.org\/index.php?rest_route=\/wp\/v2\/pages"}],"about":[{"href":"https:\/\/vespeera.org\/index.php?rest_route=\/wp\/v2\/types\/page"}],"author":[{"embeddable":true,"href":"https:\/\/vespeera.org\/index.php?rest_route=\/wp\/v2\/users\/1"}],"replies":[{"embeddable":true,"href":"https:\/\/vespeera.org\/index.php?rest_route=%2Fwp%2Fv2%2Fcomments&post=229"}],"version-history":[{"count":1,"href":"https:\/\/vespeera.org\/index.php?rest_route=\/wp\/v2\/pages\/229\/revisions"}],"predecessor-version":[{"id":230,"href":"https:\/\/vespeera.org\/index.php?rest_route=\/wp\/v2\/pages\/229\/revisions\/230"}],"up":[{"embeddable":true,"href":"https:\/\/vespeera.org\/index.php?rest_route=\/wp\/v2\/pages\/54"}],"wp:attachment":[{"href":"https:\/\/vespeera.org\/index.php?rest_route=%2Fwp%2Fv2%2Fmedia&parent=229"}],"curies":[{"name":"wp","href":"https:\/\/api.w.org\/{rel}","templated":true}]}}