{"id":216,"date":"2018-11-27T15:00:19","date_gmt":"2018-11-27T15:00:19","guid":{"rendered":"http:\/\/vespeera.org\/?page_id=216"},"modified":"2021-01-18T11:38:23","modified_gmt":"2021-01-18T11:38:23","slug":"wer-kann-an-vespeera-teilnehmen","status":"publish","type":"page","link":"https:\/\/vespeera.org\/?page_id=216","title":{"rendered":"Wer kann an VESPEERA teilnehmen?"},"content":{"rendered":"<p>VESPEERA wird in Kooperation mit Hausarztpraxen und Krankenh\u00e4usern in Baden-W\u00fcrttemberg durchgef\u00fchrt. Zur Teilnahme an VESPEERA wurden verschiedene Landkreise als Interventionsregionen benannt, in denen Praxen sich f\u00fcr die Teilnahme einschreiben k\u00f6nnen. Wichtig ist zudem, dass Ihre Praxis eine VERAH (Versorgungsassistentin in der Hausarztpraxis) besch\u00e4ftigt.<br \/>\nIhre Teilnahme als Hausarztpraxis an VESPEERA ist nicht an die Teilnahme eines Krankenhauses an VESPEERA gebunden. Patienten unterliegen der freien Wahl des Leistungserbringers. Krankenh\u00e4user k\u00f6nnen eingeschlossene Patienten anhand des Einweisungsbriefs erkennen, der auch die Kontaktdaten Ihrer Praxis beinhaltet. Bei Bedarf k\u00f6nnen Krankenh\u00e4user so Kontakt zu Ihnen aufnehmen.<\/p>\n<p>Falls Sie an der Teilnahme an VESPEERA interessiert sind, nehmen Sie <a href=\"https:\/\/vespeera.org\/?page_id=35\">Kontakt<\/a>\u00a0 zu uns auf. Unsere Studienmitarbeiter geben Ihnen gern Auskunft, ob Ihre Praxis in einem Landkreis liegt, der als Interventionsregion festgelegt wurde und Sie somit an VESPEERA teilnehmen k\u00f6nnen.<\/p>\n<p><strong>Bitte beachten Sie:\u00a0 VESPEERA wurde beendet. Eine<\/strong><strong>\u00a0Teilnahme <\/strong><strong>ist deshalb\u00a0leider nicht mehr m\u00f6glich.<\/strong><\/p>\n<p><a href=\"https:\/\/vespeera.org\/?page_id=54\">zur\u00fcck<\/a><\/p>\n<p>&nbsp;<\/p>\n","protected":false},"excerpt":{"rendered":"<p>VESPEERA wird in Kooperation mit Hausarztpraxen und Krankenh\u00e4usern in Baden-W\u00fcrttemberg durchgef\u00fchrt. Zur Teilnahme an VESPEERA wurden verschiedene Landkreise als Interventionsregionen benannt, in denen Praxen sich f\u00fcr die Teilnahme einschreiben k\u00f6nnen. Wichtig ist zudem, dass Ihre Praxis eine VERAH (Versorgungsassistentin in der Hausarztpraxis) besch\u00e4ftigt. Ihre Teilnahme als Hausarztpraxis an VESPEERA ist nicht an die Teilnahme eines &hellip; <\/p>\n<p class=\"link-more\"><a href=\"https:\/\/vespeera.org\/?page_id=216\" class=\"more-link\"><span class=\"screen-reader-text\">\u201eWer kann an VESPEERA teilnehmen?\u201c <\/span>weiterlesen<\/a><\/p>\n","protected":false},"author":1,"featured_media":0,"parent":54,"menu_order":1,"comment_status":"closed","ping_status":"closed","template":"","meta":{"footnotes":""},"class_list":["post-216","page","type-page","status-publish","hentry"],"_links":{"self":[{"href":"https:\/\/vespeera.org\/index.php?rest_route=\/wp\/v2\/pages\/216","targetHints":{"allow":["GET"]}}],"collection":[{"href":"https:\/\/vespeera.org\/index.php?rest_route=\/wp\/v2\/pages"}],"about":[{"href":"https:\/\/vespeera.org\/index.php?rest_route=\/wp\/v2\/types\/page"}],"author":[{"embeddable":true,"href":"https:\/\/vespeera.org\/index.php?rest_route=\/wp\/v2\/users\/1"}],"replies":[{"embeddable":true,"href":"https:\/\/vespeera.org\/index.php?rest_route=%2Fwp%2Fv2%2Fcomments&post=216"}],"version-history":[{"count":4,"href":"https:\/\/vespeera.org\/index.php?rest_route=\/wp\/v2\/pages\/216\/revisions"}],"predecessor-version":[{"id":380,"href":"https:\/\/vespeera.org\/index.php?rest_route=\/wp\/v2\/pages\/216\/revisions\/380"}],"up":[{"embeddable":true,"href":"https:\/\/vespeera.org\/index.php?rest_route=\/wp\/v2\/pages\/54"}],"wp:attachment":[{"href":"https:\/\/vespeera.org\/index.php?rest_route=%2Fwp%2Fv2%2Fmedia&parent=216"}],"curies":[{"name":"wp","href":"https:\/\/api.w.org\/{rel}","templated":true}]}}