{"id":177,"date":"2018-10-15T10:19:38","date_gmt":"2018-10-15T10:19:38","guid":{"rendered":"http:\/\/vespeera.org\/?page_id=177"},"modified":"2018-10-17T11:47:43","modified_gmt":"2018-10-17T11:47:43","slug":"rechtsgrundlage","status":"publish","type":"page","link":"https:\/\/vespeera.org\/?page_id=177","title":{"rendered":"Rechtsgrundlage"},"content":{"rendered":"<p>Die Rechtsgrundlage von VESPEERA ist ein Vertrag zur Besonderen Versorgung nach \u00a7 140a SGB V in Verbindung mit dem Vertrag zur Hausarztzentrierten Versorgung nach \u00a773b SGB V (HZV-Vertrag). F\u00fcr das Vorhaben VESPEERA wird der bestehende HZV-Vertrag um den Vertrag zur Besonderen Versorgung nach \u00a7140a SGB V erg\u00e4nzt. Mit diesem Versorgungsvertrag m\u00f6chte die AOK-Baden W\u00fcrttemberg gemeinsam mit den an den Vertr\u00e4gen teilnehmenden Krankenh\u00e4usern und Haus\u00e4rzten f\u00fcr Versicherte, die station\u00e4r in ein teilnehmendes Krankenhaus aufgenommen werden, ein strukturiertes Einweisungs- und Entlassmanagement anbieten. \u00a792 Abs. 1 SGB V (Innovationsfonds) regelt die Projektf\u00f6rderung.<\/p>\n<p><img loading=\"lazy\" decoding=\"async\" class=\"aligncenter size-large wp-image-178\" src=\"https:\/\/vespeera.org\/wp-content\/uploads\/2018\/10\/glasses-1246611_1920-1024x678.jpg\" alt=\"\" width=\"525\" height=\"348\" srcset=\"https:\/\/vespeera.org\/wp-content\/uploads\/2018\/10\/glasses-1246611_1920-1024x678.jpg 1024w, https:\/\/vespeera.org\/wp-content\/uploads\/2018\/10\/glasses-1246611_1920-300x199.jpg 300w, https:\/\/vespeera.org\/wp-content\/uploads\/2018\/10\/glasses-1246611_1920-768x508.jpg 768w, https:\/\/vespeera.org\/wp-content\/uploads\/2018\/10\/glasses-1246611_1920.jpg 1920w\" sizes=\"auto, (max-width: 525px) 100vw, 525px\" \/><\/p>\n<p><a href=\"https:\/\/vespeera.org\/?page_id=78\">zur\u00fcck<\/a><\/p>\n","protected":false},"excerpt":{"rendered":"<p>Die Rechtsgrundlage von VESPEERA ist ein Vertrag zur Besonderen Versorgung nach \u00a7 140a SGB V in Verbindung mit dem Vertrag zur Hausarztzentrierten Versorgung nach \u00a773b SGB V (HZV-Vertrag). F\u00fcr das Vorhaben VESPEERA wird der bestehende HZV-Vertrag um den Vertrag zur Besonderen Versorgung nach \u00a7140a SGB V erg\u00e4nzt. Mit diesem Versorgungsvertrag m\u00f6chte die AOK-Baden W\u00fcrttemberg gemeinsam &hellip; <\/p>\n<p class=\"link-more\"><a href=\"https:\/\/vespeera.org\/?page_id=177\" class=\"more-link\"><span class=\"screen-reader-text\">\u201eRechtsgrundlage\u201c <\/span>weiterlesen<\/a><\/p>\n","protected":false},"author":1,"featured_media":0,"parent":78,"menu_order":1,"comment_status":"closed","ping_status":"closed","template":"","meta":{"footnotes":""},"class_list":["post-177","page","type-page","status-publish","hentry"],"_links":{"self":[{"href":"https:\/\/vespeera.org\/index.php?rest_route=\/wp\/v2\/pages\/177","targetHints":{"allow":["GET"]}}],"collection":[{"href":"https:\/\/vespeera.org\/index.php?rest_route=\/wp\/v2\/pages"}],"about":[{"href":"https:\/\/vespeera.org\/index.php?rest_route=\/wp\/v2\/types\/page"}],"author":[{"embeddable":true,"href":"https:\/\/vespeera.org\/index.php?rest_route=\/wp\/v2\/users\/1"}],"replies":[{"embeddable":true,"href":"https:\/\/vespeera.org\/index.php?rest_route=%2Fwp%2Fv2%2Fcomments&post=177"}],"version-history":[{"count":2,"href":"https:\/\/vespeera.org\/index.php?rest_route=\/wp\/v2\/pages\/177\/revisions"}],"predecessor-version":[{"id":189,"href":"https:\/\/vespeera.org\/index.php?rest_route=\/wp\/v2\/pages\/177\/revisions\/189"}],"up":[{"embeddable":true,"href":"https:\/\/vespeera.org\/index.php?rest_route=\/wp\/v2\/pages\/78"}],"wp:attachment":[{"href":"https:\/\/vespeera.org\/index.php?rest_route=%2Fwp%2Fv2%2Fmedia&parent=177"}],"curies":[{"name":"wp","href":"https:\/\/api.w.org\/{rel}","templated":true}]}}