{"id":174,"date":"2018-10-15T10:17:50","date_gmt":"2018-10-15T10:17:50","guid":{"rendered":"http:\/\/vespeera.org\/?page_id=174"},"modified":"2018-10-17T11:47:14","modified_gmt":"2018-10-17T11:47:14","slug":"nutzen","status":"publish","type":"page","link":"https:\/\/vespeera.org\/?page_id=174","title":{"rendered":"Nutzen"},"content":{"rendered":"<p>Durch die Verbesserung des Informationsflusses zwischen Ihnen, Ihrer Hausarztpraxis sowie ggf. dem Krankenhaus, in dem Sie behandelt werden\/wurden, kann eine angemessenere Versorgung f\u00fcr Sie erm\u00f6glicht werden. Ihre Vorteile sind:<\/p>\n<ul>\n<li>Bei geplanter Einweisung durch die Hausarztpraxis:<strong><br \/>\n<\/strong>In ausf\u00fchrlichen Beratungs- und Aufkl\u00e4rungsgespr\u00e4chen werden Sie durch Ihre Hausarztpraxis <strong>optimal <\/strong>auf den bevorstehenden Krankenhausaufenthalt<strong> vorbereitet<\/strong><\/li>\n<li>W\u00e4hrend Ihres Krankenhausaufenthaltes nimmt das Krankenhaus, sofern es an VESPEERA teilnimmt, im Bedarfsfall fr\u00fchzeitig Kontakt zur Hausarztpraxis auf, um die die <strong>nahtlose Weiterversorgung<\/strong> sicherzustellen.<\/li>\n<li>Nach Ihrem Krankenhausaufenthalt erhalten Sie von Ihrer Hausarztpraxis im Bedarfsfall <strong>besondere Unterst\u00fctzung <\/strong>durch Beratung und Information, um Sie so optimal zu begleiten.<\/li>\n<\/ul>\n<p><img loading=\"lazy\" decoding=\"async\" class=\"aligncenter size-large wp-image-169\" src=\"https:\/\/vespeera.org\/wp-content\/uploads\/2018\/10\/Arzt-Patienten-Aufkl\u00e4rung-1024x312.jpg\" alt=\"\" width=\"525\" height=\"160\" srcset=\"https:\/\/vespeera.org\/wp-content\/uploads\/2018\/10\/Arzt-Patienten-Aufkl\u00e4rung-1024x312.jpg 1024w, https:\/\/vespeera.org\/wp-content\/uploads\/2018\/10\/Arzt-Patienten-Aufkl\u00e4rung-300x91.jpg 300w, https:\/\/vespeera.org\/wp-content\/uploads\/2018\/10\/Arzt-Patienten-Aufkl\u00e4rung-768x234.jpg 768w\" sizes=\"auto, (max-width: 525px) 100vw, 525px\" \/><em>\u00a9 Universit\u00e4tsklinikum Heidelberg<\/em><\/p>\n<p><a href=\"https:\/\/vespeera.org\/?page_id=78\">zur\u00fcck<\/a><\/p>\n","protected":false},"excerpt":{"rendered":"<p>Durch die Verbesserung des Informationsflusses zwischen Ihnen, Ihrer Hausarztpraxis sowie ggf. dem Krankenhaus, in dem Sie behandelt werden\/wurden, kann eine angemessenere Versorgung f\u00fcr Sie erm\u00f6glicht werden. Ihre Vorteile sind: Bei geplanter Einweisung durch die Hausarztpraxis: In ausf\u00fchrlichen Beratungs- und Aufkl\u00e4rungsgespr\u00e4chen werden Sie durch Ihre Hausarztpraxis optimal auf den bevorstehenden Krankenhausaufenthalt vorbereitet W\u00e4hrend Ihres Krankenhausaufenthaltes nimmt &hellip; <\/p>\n<p class=\"link-more\"><a href=\"https:\/\/vespeera.org\/?page_id=174\" class=\"more-link\"><span class=\"screen-reader-text\">\u201eNutzen\u201c <\/span>weiterlesen<\/a><\/p>\n","protected":false},"author":1,"featured_media":0,"parent":78,"menu_order":1,"comment_status":"closed","ping_status":"closed","template":"","meta":{"footnotes":""},"class_list":["post-174","page","type-page","status-publish","hentry"],"_links":{"self":[{"href":"https:\/\/vespeera.org\/index.php?rest_route=\/wp\/v2\/pages\/174","targetHints":{"allow":["GET"]}}],"collection":[{"href":"https:\/\/vespeera.org\/index.php?rest_route=\/wp\/v2\/pages"}],"about":[{"href":"https:\/\/vespeera.org\/index.php?rest_route=\/wp\/v2\/types\/page"}],"author":[{"embeddable":true,"href":"https:\/\/vespeera.org\/index.php?rest_route=\/wp\/v2\/users\/1"}],"replies":[{"embeddable":true,"href":"https:\/\/vespeera.org\/index.php?rest_route=%2Fwp%2Fv2%2Fcomments&post=174"}],"version-history":[{"count":2,"href":"https:\/\/vespeera.org\/index.php?rest_route=\/wp\/v2\/pages\/174\/revisions"}],"predecessor-version":[{"id":188,"href":"https:\/\/vespeera.org\/index.php?rest_route=\/wp\/v2\/pages\/174\/revisions\/188"}],"up":[{"embeddable":true,"href":"https:\/\/vespeera.org\/index.php?rest_route=\/wp\/v2\/pages\/78"}],"wp:attachment":[{"href":"https:\/\/vespeera.org\/index.php?rest_route=%2Fwp%2Fv2%2Fmedia&parent=174"}],"curies":[{"name":"wp","href":"https:\/\/api.w.org\/{rel}","templated":true}]}}