{"id":157,"date":"2018-10-15T09:57:31","date_gmt":"2018-10-15T09:57:31","guid":{"rendered":"http:\/\/vespeera.org\/?page_id=157"},"modified":"2018-10-17T11:46:43","modified_gmt":"2018-10-17T11:46:43","slug":"massnahmen","status":"publish","type":"page","link":"https:\/\/vespeera.org\/?page_id=157","title":{"rendered":"Ma\u00dfnahmen"},"content":{"rendered":"<p>Durch die Teilnahme an der Studie VESPEERA erhalten Sie verschiedene zus\u00e4tzliche Ma\u00dfnahmen, die das regul\u00e4re Informationsangebot im Rahmen Ihrer Behandlung erg\u00e4nzen und die Qualit\u00e4t Ihrer Behandlung im Krankenhaus und in der Hausarztpraxis positiv beeinflussen k\u00f6nnen. Diese beinhalten beispielsweise eine ausf\u00fchrlichere Diagnostik, aus der ein Brief an das Krankenhaus mit allen relevanten Informationen verfasst wird, oder verst\u00e4ndliche Informationsbrosch\u00fcren, sodass Sie sich optimal auf den Krankenhausaufenthalt vorbereiten k\u00f6nnen.<\/p>\n<p>Die komplexen Ma\u00dfnahmen gliedern sich in vor, w\u00e4hrend und nach dem Krankenhausaufenthalt. Schauen Sie auch unser <a href=\"https:\/\/www.youtube.com\/watch?v=HBcwwWsZ0Sk\">Video<\/a> an, um einen \u00dcberblick \u00fcber die Studie und alle Ma\u00dfnahmen zu erhalten!<\/p>\n<h4>1. In der Hausarztpraxis: Vor dem Krankenhausaufenthalt<\/h4>\n<p>Vor dem geplanten Krankenhausaufenthalt wird Ihr Hausarzt\/Ihre Haus\u00e4rztin oder die Versorgungsassistentin (VERAH) Ihren Gesundheitszustand im Rahmen eines Assessments erfassen. Ein Assessment bedeutet hier, dass Ihr Gesundheitszustand durch ein standardisiertes Vorgehen erfasst wird (Dauer: ca. 5 Minuten). Hierzu werden Ihnen Fragen gestellt und Ihre Antworten notiert. Auf Grundlage Ihrer Antworten wird ein Einweisungsbrief geschrieben, der \u00fcber den \u201enormalen\u201c Umfang hinausgeht. Der Brief enth\u00e4lt Informationen \u00fcber Ihr Krankheitsbild und weitere wichtige Aspekte, die bei der Versorgung ber\u00fccksichtig werden m\u00fcssen. Er wird Ihnen vor Ihrer Aufnahme ausgeh\u00e4ndigt, sodass Sie ihn mit in das Krankenhaus Ihrer Wahl nehmen k\u00f6nnen. Die Informationen werden so das Krankenhauspersonal bei Ihrer Behandlungsplanung unterst\u00fctzen.<\/p>\n<p><img loading=\"lazy\" decoding=\"async\" class=\"aligncenter size-large wp-image-159\" src=\"https:\/\/vespeera.org\/wp-content\/uploads\/2018\/10\/Video1-1024x580.jpg\" alt=\"\" width=\"525\" height=\"297\" srcset=\"https:\/\/vespeera.org\/wp-content\/uploads\/2018\/10\/Video1-1024x580.jpg 1024w, https:\/\/vespeera.org\/wp-content\/uploads\/2018\/10\/Video1-300x170.jpg 300w, https:\/\/vespeera.org\/wp-content\/uploads\/2018\/10\/Video1-768x435.jpg 768w, https:\/\/vespeera.org\/wp-content\/uploads\/2018\/10\/Video1.jpg 1661w\" sizes=\"auto, (max-width: 525px) 100vw, 525px\" \/><\/p>\n<p>&nbsp;<\/p>\n<h4>2. Im Krankenhaus: Ma\u00dfnahmen w\u00e4hren Ihres Aufenthaltes<\/h4>\n<p>Sollten Sie in einer Krankenhausabteilung, die an VESPEERA teilnimmt, behandelt werden, erwarten Sie weitere zus\u00e4tzliche Ma\u00dfnahmen. Diese beinhalten ein Telefongespr\u00e4ch zwischen Ihrer Behandlerin\/Ihrem Behandler im Krankenhaus und Ihrer Haus\u00e4rztin\/Ihrem Hausarzt. Durch dieses Gespr\u00e4ch wird Ihre Hausarztpraxis bereits vor Ihrer Entlassung \u00fcber Ihre Behandlung und den geplanten Entlasstag informiert. Ihre Weiterbehandlung nach der Entlassung kann so nahtlos angeschlossen werden.<\/p>\n<p><img loading=\"lazy\" decoding=\"async\" class=\"aligncenter size-large wp-image-160\" src=\"https:\/\/vespeera.org\/wp-content\/uploads\/2018\/10\/Video2-1024x574.jpg\" alt=\"\" width=\"525\" height=\"294\" srcset=\"https:\/\/vespeera.org\/wp-content\/uploads\/2018\/10\/Video2-1024x574.jpg 1024w, https:\/\/vespeera.org\/wp-content\/uploads\/2018\/10\/Video2-300x168.jpg 300w, https:\/\/vespeera.org\/wp-content\/uploads\/2018\/10\/Video2-768x431.jpg 768w, https:\/\/vespeera.org\/wp-content\/uploads\/2018\/10\/Video2.jpg 1672w\" sizes=\"auto, (max-width: 525px) 100vw, 525px\" \/><\/p>\n<h4>3. Nach Entlassung<\/h4>\n<p>Nach dem Krankenhausaufenthalt stellen Sie sich erneut in Ihrer Hausarztpraxis vor, wo ein weiteres Assessment durchgef\u00fchrt wird. Aufgrund Ihrer Antworten wird die weitere Behandlung geplant. Zudem kann Ihre Haus\u00e4rztin\/Ihr Hausarzt durch das Assessment feststellen, ob Sie ein erh\u00f6htes Risiko haben, wieder in das Krankenhaus eingewiesen zu werden. Sollte dies der Fall sein, werden Sie von Ihrer Hausarztpraxis in den kommenden drei Monaten engmaschiger betreut. Dies bedeutet, dass Sie Telefonate mit der Versorgungsassistentin f\u00fchren, in dem Sie nach Ihren Bed\u00fcrfnissen beraten und in Ihrer Genesung begleitet werden. Wie oft die Telefonate sein werden, ist von Patient zu Patient unterschiedlich.<\/p>\n<p><img loading=\"lazy\" decoding=\"async\" class=\"aligncenter size-large wp-image-162\" src=\"https:\/\/vespeera.org\/wp-content\/uploads\/2018\/10\/Video3-1024x575.jpg\" alt=\"\" width=\"525\" height=\"295\" srcset=\"https:\/\/vespeera.org\/wp-content\/uploads\/2018\/10\/Video3-1024x575.jpg 1024w, https:\/\/vespeera.org\/wp-content\/uploads\/2018\/10\/Video3-300x169.jpg 300w, https:\/\/vespeera.org\/wp-content\/uploads\/2018\/10\/Video3-768x431.jpg 768w, https:\/\/vespeera.org\/wp-content\/uploads\/2018\/10\/Video3.jpg 1668w\" sizes=\"auto, (max-width: 525px) 100vw, 525px\" \/><\/p>\n<p><a href=\"https:\/\/vespeera.org\/?page_id=78\">zur\u00fcck<\/a><\/p>\n","protected":false},"excerpt":{"rendered":"<p>Durch die Teilnahme an der Studie VESPEERA erhalten Sie verschiedene zus\u00e4tzliche Ma\u00dfnahmen, die das regul\u00e4re Informationsangebot im Rahmen Ihrer Behandlung erg\u00e4nzen und die Qualit\u00e4t Ihrer Behandlung im Krankenhaus und in der Hausarztpraxis positiv beeinflussen k\u00f6nnen. Diese beinhalten beispielsweise eine ausf\u00fchrlichere Diagnostik, aus der ein Brief an das Krankenhaus mit allen relevanten Informationen verfasst wird, oder &hellip; <\/p>\n<p class=\"link-more\"><a href=\"https:\/\/vespeera.org\/?page_id=157\" class=\"more-link\"><span class=\"screen-reader-text\">\u201eMa\u00dfnahmen\u201c <\/span>weiterlesen<\/a><\/p>\n","protected":false},"author":1,"featured_media":0,"parent":78,"menu_order":1,"comment_status":"closed","ping_status":"closed","template":"","meta":{"footnotes":""},"class_list":["post-157","page","type-page","status-publish","hentry"],"_links":{"self":[{"href":"https:\/\/vespeera.org\/index.php?rest_route=\/wp\/v2\/pages\/157","targetHints":{"allow":["GET"]}}],"collection":[{"href":"https:\/\/vespeera.org\/index.php?rest_route=\/wp\/v2\/pages"}],"about":[{"href":"https:\/\/vespeera.org\/index.php?rest_route=\/wp\/v2\/types\/page"}],"author":[{"embeddable":true,"href":"https:\/\/vespeera.org\/index.php?rest_route=\/wp\/v2\/users\/1"}],"replies":[{"embeddable":true,"href":"https:\/\/vespeera.org\/index.php?rest_route=%2Fwp%2Fv2%2Fcomments&post=157"}],"version-history":[{"count":3,"href":"https:\/\/vespeera.org\/index.php?rest_route=\/wp\/v2\/pages\/157\/revisions"}],"predecessor-version":[{"id":187,"href":"https:\/\/vespeera.org\/index.php?rest_route=\/wp\/v2\/pages\/157\/revisions\/187"}],"up":[{"embeddable":true,"href":"https:\/\/vespeera.org\/index.php?rest_route=\/wp\/v2\/pages\/78"}],"wp:attachment":[{"href":"https:\/\/vespeera.org\/index.php?rest_route=%2Fwp%2Fv2%2Fmedia&parent=157"}],"curies":[{"name":"wp","href":"https:\/\/api.w.org\/{rel}","templated":true}]}}