{"id":142,"date":"2018-10-15T09:37:45","date_gmt":"2018-10-15T09:37:45","guid":{"rendered":"http:\/\/vespeera.org\/?page_id=142"},"modified":"2018-11-05T07:19:28","modified_gmt":"2018-11-05T07:19:28","slug":"was-ist-vespeera","status":"publish","type":"page","link":"https:\/\/vespeera.org\/?page_id=142","title":{"rendered":"Was ist VESPEERA?"},"content":{"rendered":"<p>Die \u00dcbergeordnete Zielsetzung von VESPEERA ist es, die Zusammenarbeit zwischen Hausarztpraxen und Krankenh\u00e4usern zu verbessern.<br \/>\nDurch die besondere Art der Kooperation und Kommunikation der beteiligten Partner sollen die Versorgungsprozesse vor und nach Krankenhausaufenthalten verbessert werden. Medizinisch unn\u00f6tige und damit belastende Krankenhauswiederaufnahmen sollen so vermieden und die Versorgungsqualit\u00e4t verbessert werden.<\/p>\n<p><img loading=\"lazy\" decoding=\"async\" class=\"size-medium wp-image-143 alignleft\" src=\"https:\/\/vespeera.org\/wp-content\/uploads\/2018\/10\/medicine-3298451_1920-300x300.jpg\" alt=\"\" width=\"300\" height=\"300\" srcset=\"https:\/\/vespeera.org\/wp-content\/uploads\/2018\/10\/medicine-3298451_1920-300x300.jpg 300w, https:\/\/vespeera.org\/wp-content\/uploads\/2018\/10\/medicine-3298451_1920-150x150.jpg 150w, https:\/\/vespeera.org\/wp-content\/uploads\/2018\/10\/medicine-3298451_1920-768x768.jpg 768w, https:\/\/vespeera.org\/wp-content\/uploads\/2018\/10\/medicine-3298451_1920-1024x1024.jpg 1024w, https:\/\/vespeera.org\/wp-content\/uploads\/2018\/10\/medicine-3298451_1920-100x100.jpg 100w, https:\/\/vespeera.org\/wp-content\/uploads\/2018\/10\/medicine-3298451_1920.jpg 1920w\" sizes=\"auto, (max-width: 300px) 100vw, 300px\" \/><\/p>\n<p>&nbsp;<\/p>\n<p>&nbsp;<\/p>\n<p>&nbsp;<\/p>\n<p>&nbsp;<\/p>\n<p>&nbsp;<\/p>\n<p>&nbsp;<\/p>\n<p>&nbsp;<\/p>\n<p>Um die Erreichung der Ziele nachvollziehen zu k\u00f6nnen, wird das Projekt wissenschaftlich begleitet.<\/p>\n<p><strong>Wissenschaftliche Begleitung <\/strong><\/p>\n<p>Zur Sicherstellung einer dauerhaft hohen Qualit\u00e4t der Versorgung wird VESPEERA durch unabh\u00e4ngige Forschungsinstitute wissenschaftlich begleitet, regelm\u00e4\u00dfig bewertet und evaluiert. Zu diesem Zwecke ben\u00f6tigen diese Institute Ihre Behandlungs-, Diagnosen-, Abrechnungs-, und Versorgungsdaten, weitere Sozialdaten (z.B. das Alter oder Geschlecht) sowie Daten, die im Rahmen der Evaluation (z.B. zur Lebensqualit\u00e4t) erfasst werden. Die AOK \u00fcbermittelt diese Daten ausschlie\u00dflich in pseudonymisierter, fallbezogener Form. Das bedeutet, dass f\u00fcr die Institute, die die Auswertungen durchf\u00fchren, <strong>kein R\u00fcckschluss auf Ihre Person<\/strong> <strong>m\u00f6glich<\/strong> ist.<\/p>\n<p>Die wissenschaftlichen Institute werden alle angemessenen Schritte unternehmen, um den Schutz Ihrer Daten gem\u00e4\u00df den deutschen Datenschutzstandards und gem\u00e4\u00df der EU-Datenschutzgrundverordnung zu gew\u00e4hrleisten.<\/p>\n<p>&nbsp;<\/p>\n<p><a href=\"https:\/\/vespeera.org\/?page_id=78\">zur\u00fcck<\/a><\/p>\n","protected":false},"excerpt":{"rendered":"<p>Die \u00dcbergeordnete Zielsetzung von VESPEERA ist es, die Zusammenarbeit zwischen Hausarztpraxen und Krankenh\u00e4usern zu verbessern. Durch die besondere Art der Kooperation und Kommunikation der beteiligten Partner sollen die Versorgungsprozesse vor und nach Krankenhausaufenthalten verbessert werden. Medizinisch unn\u00f6tige und damit belastende Krankenhauswiederaufnahmen sollen so vermieden und die Versorgungsqualit\u00e4t verbessert werden. &nbsp; &nbsp; &nbsp; &nbsp; &nbsp; &nbsp; &hellip; <\/p>\n<p class=\"link-more\"><a href=\"https:\/\/vespeera.org\/?page_id=142\" class=\"more-link\"><span class=\"screen-reader-text\">\u201eWas ist VESPEERA?\u201c <\/span>weiterlesen<\/a><\/p>\n","protected":false},"author":1,"featured_media":0,"parent":78,"menu_order":1,"comment_status":"closed","ping_status":"closed","template":"","meta":{"footnotes":""},"class_list":["post-142","page","type-page","status-publish","hentry"],"_links":{"self":[{"href":"https:\/\/vespeera.org\/index.php?rest_route=\/wp\/v2\/pages\/142","targetHints":{"allow":["GET"]}}],"collection":[{"href":"https:\/\/vespeera.org\/index.php?rest_route=\/wp\/v2\/pages"}],"about":[{"href":"https:\/\/vespeera.org\/index.php?rest_route=\/wp\/v2\/types\/page"}],"author":[{"embeddable":true,"href":"https:\/\/vespeera.org\/index.php?rest_route=\/wp\/v2\/users\/1"}],"replies":[{"embeddable":true,"href":"https:\/\/vespeera.org\/index.php?rest_route=%2Fwp%2Fv2%2Fcomments&post=142"}],"version-history":[{"count":16,"href":"https:\/\/vespeera.org\/index.php?rest_route=\/wp\/v2\/pages\/142\/revisions"}],"predecessor-version":[{"id":204,"href":"https:\/\/vespeera.org\/index.php?rest_route=\/wp\/v2\/pages\/142\/revisions\/204"}],"up":[{"embeddable":true,"href":"https:\/\/vespeera.org\/index.php?rest_route=\/wp\/v2\/pages\/78"}],"wp:attachment":[{"href":"https:\/\/vespeera.org\/index.php?rest_route=%2Fwp%2Fv2%2Fmedia&parent=142"}],"curies":[{"name":"wp","href":"https:\/\/api.w.org\/{rel}","templated":true}]}}