{"id":137,"date":"2018-10-15T09:09:48","date_gmt":"2018-10-15T09:09:48","guid":{"rendered":"http:\/\/vespeera.org\/?page_id=137"},"modified":"2021-01-18T11:39:28","modified_gmt":"2021-01-18T11:39:28","slug":"teilnahmebedingungen","status":"publish","type":"page","link":"https:\/\/vespeera.org\/?page_id=137","title":{"rendered":"Teilnahmebedingungen"},"content":{"rendered":"<p>Um an VESPEERA teilnehmen zu k\u00f6nnen, sollten Sie die folgenden Aussagen alle mit \u201eja\u201c beantworten k\u00f6nnen. Fragen Sie auch Ihren Hausarzt, ob Sie an VESPEERA teilnehmen k\u00f6nnen!<\/p>\n<p><strong>1. Sie sind durch die AOK-Baden W\u00fcrttemberg versichert<\/strong><\/p>\n<p>Es k\u00f6nnen nur Mitglieder der AOK an VESPEERA teilnehmen.<br \/>\nDie zus\u00e4tzlichen Ma\u00dfnahmen durch VESPEERA werden extra verg\u00fctet. Diese Verg\u00fctung wird von der AOK-Baden W\u00fcrttemberg getragen, weshalb nur Mitglieder dieser Krankenkasse eingeschlossen werden k\u00f6nnen.<\/p>\n<p><strong>2. Sie sind Teil der Hausarztzentrierten Versorgung<\/strong><\/p>\n<p>F\u00fcr die Teilnahme an VESPEERA sollten Sie im Hausarztprogramm der AOK-Baden W\u00fcrttemberg, der Hausarztzentrierten Versorgung (HZV), teilnehmen. Ist Ihr Hausarzt Teil dieses Programms, bietet er Ihnen die Teilnahme an. Wenn Sie sich unsicher sind, ob Ihr Hausarzt an der Hausarztzentrierten Versorgung teilnimmt, und, ob Sie bereits im Programm sind, fragen Sie in Ihrer Hausarztpraxis nach!<\/p>\n<p><strong>3. Es steht ein Krankenhausaufenthalt bevor oder Sie werden aus dem Krankenhaus entlassen<\/strong><\/p>\n<p>Sie k\u00f6nnen an VESPEERA teilnehmen, sobald bei Ihnen ein Krankenhausaufenthalt ansteht, oder Sie aus einem entlassen werden. Dabei ist es f\u00fcr die Teilnahme nicht relevant, ob dieser Aufenthalt geplant oder ungeplant verl\u00e4uft bzw. verlaufen ist.<\/p>\n<p><strong>4. Sie sind \u00e4lter als 18 Jahre<\/strong><\/p>\n<p>Es k\u00f6nnen nur Erwachsene ab 18 Jahren an der Studie teilnehmen. Nach oben ist das Alter nicht beschr\u00e4nkt.<\/p>\n<p><strong>5. Sie wohnen <u>nicht<\/u> in einem Pflegeheim<\/strong><\/p>\n<p>Menschen, die im Pflegeheim wohnen, k\u00f6nnen nicht an VESPEERA teilnehmen. Durch die engmaschige medizinische Betreuung im Heim k\u00f6nnten Studienergebnisse verf\u00e4lscht werden.<\/p>\n<p><strong>Bitte beachten Sie:\u00a0 VESPEERA wurde beendet. Eine\u00a0Teilnahme ist deshalb\u00a0leider nicht mehr m\u00f6glich.<\/strong><\/p>\n<p><a href=\"https:\/\/vespeera.org\/?page_id=78\">zur\u00fcck<\/a><\/p>\n","protected":false},"excerpt":{"rendered":"<p>Um an VESPEERA teilnehmen zu k\u00f6nnen, sollten Sie die folgenden Aussagen alle mit \u201eja\u201c beantworten k\u00f6nnen. Fragen Sie auch Ihren Hausarzt, ob Sie an VESPEERA teilnehmen k\u00f6nnen! 1. Sie sind durch die AOK-Baden W\u00fcrttemberg versichert Es k\u00f6nnen nur Mitglieder der AOK an VESPEERA teilnehmen. Die zus\u00e4tzlichen Ma\u00dfnahmen durch VESPEERA werden extra verg\u00fctet. Diese Verg\u00fctung wird &hellip; <\/p>\n<p class=\"link-more\"><a href=\"https:\/\/vespeera.org\/?page_id=137\" class=\"more-link\"><span class=\"screen-reader-text\">\u201eTeilnahmebedingungen\u201c <\/span>weiterlesen<\/a><\/p>\n","protected":false},"author":1,"featured_media":0,"parent":78,"menu_order":1,"comment_status":"closed","ping_status":"closed","template":"","meta":{"footnotes":""},"class_list":["post-137","page","type-page","status-publish","hentry"],"_links":{"self":[{"href":"https:\/\/vespeera.org\/index.php?rest_route=\/wp\/v2\/pages\/137","targetHints":{"allow":["GET"]}}],"collection":[{"href":"https:\/\/vespeera.org\/index.php?rest_route=\/wp\/v2\/pages"}],"about":[{"href":"https:\/\/vespeera.org\/index.php?rest_route=\/wp\/v2\/types\/page"}],"author":[{"embeddable":true,"href":"https:\/\/vespeera.org\/index.php?rest_route=\/wp\/v2\/users\/1"}],"replies":[{"embeddable":true,"href":"https:\/\/vespeera.org\/index.php?rest_route=%2Fwp%2Fv2%2Fcomments&post=137"}],"version-history":[{"count":6,"href":"https:\/\/vespeera.org\/index.php?rest_route=\/wp\/v2\/pages\/137\/revisions"}],"predecessor-version":[{"id":381,"href":"https:\/\/vespeera.org\/index.php?rest_route=\/wp\/v2\/pages\/137\/revisions\/381"}],"up":[{"embeddable":true,"href":"https:\/\/vespeera.org\/index.php?rest_route=\/wp\/v2\/pages\/78"}],"wp:attachment":[{"href":"https:\/\/vespeera.org\/index.php?rest_route=%2Fwp%2Fv2%2Fmedia&parent=137"}],"curies":[{"name":"wp","href":"https:\/\/api.w.org\/{rel}","templated":true}]}}