{"id":13,"date":"2018-03-20T21:52:58","date_gmt":"2018-03-20T21:52:58","guid":{"rendered":"http:\/\/vespeera.org\/?page_id=13"},"modified":"2018-10-15T08:16:58","modified_gmt":"2018-10-15T08:16:58","slug":"ueber-das-projekt","status":"publish","type":"page","link":"https:\/\/vespeera.org\/","title":{"rendered":"Das Projekt"},"content":{"rendered":"<div class=\"mceTemp\"><\/div>\n<p>VESPEERA ist ein umfassendes\u00a0Projekt zur Optimierung der Zusammenarbeit zwischen Hausarztpraxen und Krankenh\u00e4usern. Das folgende Video gibt Ihnen einen anschaulichen \u00dcberblick \u00fcber die Ma\u00dfnahmen und wesentlichen Inhalte des Projektes.<\/p>\n<p><iframe loading=\"lazy\" src=\"https:\/\/www.youtube.com\/embed\/HBcwwWsZ0Sk\" width=\"560\" height=\"315\" frameborder=\"0\" allowfullscreen=\"allowfullscreen\"><\/iframe><\/p>\n<p>VESPEERA zielt darauf ab, Probleme in Bezug auf Krankenhauseinweisungen und -entlassungen fr\u00fchzeitig zu erkennen und gezielte Ma\u00dfnahmen zwischen Krankenhaus und Praxis umzusetzen.<\/p>\n<p>Im Rahmen dieser durch den Innovationsfonds gef\u00f6rderten Studie soll die Zusammenarbeit zwischen Hausarztpraxen und Krankenh\u00e4usern gest\u00e4rkt und damit ein Beitrag zur Verbesserung der Versorgung von Patientinnen und Patienten geleistet werden.<\/p>\n<p>\u00dcbergeordnetes Ziel der Studie ist die Entwicklung und Implementierung von Versorgungspfaden zwischen Hausarztpraxen und Krankenh\u00e4usern. \u00dcberg\u00e4nge zwischen den Sektoren stellen zum einen Br\u00fcche in der Versorgung des Patienten dar und gef\u00e4hrden den Versorgungs- und Gesundungsprozess und die (Patienten-) Zufriedenheit.<\/p>\n<p>Potentielle Studienteilnehmer sind Patienten, die in ein Krankenhaus eingewiesen, einwilligungsf\u00e4hig und \u00e4lter als 18 Jahre alt sind und an der Hausarztzentrierten Versorgung (HzV) der AOK Baden-W\u00fcrttemberg\u00a0 teilnehmen.<\/p>\n","protected":false},"excerpt":{"rendered":"<p>VESPEERA ist ein umfassendes\u00a0Projekt zur Optimierung der Zusammenarbeit zwischen Hausarztpraxen und Krankenh\u00e4usern. Das folgende Video gibt Ihnen einen anschaulichen \u00dcberblick \u00fcber die Ma\u00dfnahmen und wesentlichen Inhalte des Projektes. VESPEERA zielt darauf ab, Probleme in Bezug auf Krankenhauseinweisungen und -entlassungen fr\u00fchzeitig zu erkennen und gezielte Ma\u00dfnahmen zwischen Krankenhaus und Praxis umzusetzen. Im Rahmen dieser durch den &hellip; <\/p>\n<p class=\"link-more\"><a href=\"https:\/\/vespeera.org\/\" class=\"more-link\"><span class=\"screen-reader-text\">\u201eDas Projekt\u201c <\/span>weiterlesen<\/a><\/p>\n","protected":false},"author":1,"featured_media":0,"parent":0,"menu_order":0,"comment_status":"closed","ping_status":"closed","template":"","meta":{"footnotes":""},"class_list":["post-13","page","type-page","status-publish","hentry"],"_links":{"self":[{"href":"https:\/\/vespeera.org\/index.php?rest_route=\/wp\/v2\/pages\/13","targetHints":{"allow":["GET"]}}],"collection":[{"href":"https:\/\/vespeera.org\/index.php?rest_route=\/wp\/v2\/pages"}],"about":[{"href":"https:\/\/vespeera.org\/index.php?rest_route=\/wp\/v2\/types\/page"}],"author":[{"embeddable":true,"href":"https:\/\/vespeera.org\/index.php?rest_route=\/wp\/v2\/users\/1"}],"replies":[{"embeddable":true,"href":"https:\/\/vespeera.org\/index.php?rest_route=%2Fwp%2Fv2%2Fcomments&post=13"}],"version-history":[{"count":8,"href":"https:\/\/vespeera.org\/index.php?rest_route=\/wp\/v2\/pages\/13\/revisions"}],"predecessor-version":[{"id":63,"href":"https:\/\/vespeera.org\/index.php?rest_route=\/wp\/v2\/pages\/13\/revisions\/63"}],"wp:attachment":[{"href":"https:\/\/vespeera.org\/index.php?rest_route=%2Fwp%2Fv2%2Fmedia&parent=13"}],"curies":[{"name":"wp","href":"https:\/\/api.w.org\/{rel}","templated":true}]}}