{"id":108,"date":"2018-05-29T09:51:29","date_gmt":"2018-05-29T09:51:29","guid":{"rendered":"http:\/\/vespeera.org\/?page_id=108"},"modified":"2021-01-18T11:19:50","modified_gmt":"2021-01-18T11:19:50","slug":"datenschutzerklaerung","status":"publish","type":"page","link":"https:\/\/vespeera.org\/?page_id=108","title":{"rendered":"Datenschutzerkl\u00e4rung"},"content":{"rendered":"<h1>Wer wir sind<\/h1>\n<p>Die Adresse unserer Website ist: https:\/\/vespeera.org.<\/p>\n<h2>Datenschutzerkl\u00e4rung Stand 18.05.2018<\/h2>\n<p>Datenschutz und Datensicherheit f\u00fcr die Kunden und Partner unseres Unternehmens wie auch von Interessenten und Nutzern unseres Webauftrittes haben in unserem Unternehmen einen hohen Stellenwert. Transparenz bez\u00fcglich der Verarbeitung Ihrer personenbezogenen Daten wie auch der Schutz Ihrer Daten sind uns daher besonders wichtig.<\/p>\n<p>Mit dieser Erkl\u00e4rung geben wir Ihnen einen \u00dcberblick, wie bei der Nutzung unserer Internetseiten Daten zu Ihrer Person erhoben und verarbeitet werden und was Sie ggf. selbst zum besseren Schutz Ihrer Daten tun k\u00f6nnen.<\/p>\n<h2>Verantwortlicher\u00a0f\u00fcr die Verarbeitung<\/h2>\n<p>Universit\u00e4tsklinikum Heidelberg<br \/>\nIm Neuenheimer Feld 672<br \/>\n69120 Heidelberg<\/p>\n<p>Anstalt \u00f6ffentlichen Rechts vertreten durch den\u00a0<a href=\"https:\/\/www.klinikum.uni-heidelberg.de\/Klinikumsvorstand.107489.0.html\">Vorstand des Universit\u00e4tsklinikums<\/a><\/p>\n<p>Im Neuenheimer Feld 672<br \/>\n69120 Heidelberg<\/p>\n<p>Telefon: 06221 56-0<br \/>\nTelefax: 06221 56-5999<br \/>\nE-Mail:\u00a0<a href=\"mailto:klinikumsvorstand@med.uni-heidelberg.de\">klinikumsvorstand@med.uni-heidelberg.de<\/a><\/p>\n<h2>Datenschutzbeauftragte\/r\u00a0des Unternehmens<\/h2>\n<h2>Datenschutzbeauftragte des Klinikums:<\/h2>\n<p>Frau Dr. iur. Regina Mathes<\/p>\n<h2>Mitarbeiter der Datenschutzbeauftragten:<\/h2>\n<p>Herr Martin Schurer<\/p>\n<h2>Postadresse:<\/h2>\n<p>Datenschutzbeauftragte des<br \/>\nUniversit\u00e4tsklinikums Heidelberg<br \/>\nIm Neuenheimer Feld 672<br \/>\n69120 Heidelberg<\/p>\n<h2>Telefon:<\/h2>\n<p>06221\/56-7036<\/p>\n<p>Sollten wir gerade unterwegs sein, hinterlassen\u00a0Sie bitte\u00a0eine Nachricht auf dem Anrufbeantworter.\u00a0Wir rufen baldm\u00f6glichst zur\u00fcck.<\/p>\n<h2>E-Mail:<\/h2>\n<p><a href=\"mailto:Datenschutz@med.uni-heidelberg.de\">Datenschutz@med.uni-heidelberg.de<\/a><\/p>\n<h1>Was sind personenbezogene Daten<\/h1>\n<p>Personenbezogene Daten sind alle Informationen, die sich auf eine identifizierte oder identifizierbare nat\u00fcrliche Person beziehen. Entscheidend ist also, ob durch die erhobenen Daten ein Personenbezug hergestellt werden kann. Dar\u00adun\u00adter fal\u00adlen In\u00adfor\u00adma\u00adtio\u00adnen wie z.B. Ihr Name, Ihre An\u00adschrift, Ihre Te\u00adle\u00adfon\u00adnum\u00admer, Mailadresse. In\u00adfor\u00adma\u00adtio\u00adnen, die nicht di\u00adrekt mit Ihrer wirk\u00adli\u00adchen Iden\u00adti\u00adt\u00e4t in Ver\u00adbin\u00addung ge\u00adbracht wer\u00adden &#8211; wie z.B. fa\u00advo\u00adri\u00adsier\u00adte Web\u00adsei\u00adten oder An\u00adzahl der Nut\u00adzer einer Seite &#8211; sind keine per\u00adso\u00adnen\u00adbe\u00adzo\u00adge\u00adnen Daten.<\/p>\n<h1>Welche personenbezogenen Daten wir sammeln und warum wir sie sammeln<\/h1>\n<h2>Wie erheben und verarbeiten wir Daten zu Ihrer Person<\/h2>\n<p>Wenn Sie un\u00adse\u00adre Web\u00adsei\u00adten be\u00adsu\u00adchen, spei\u00adchern un\u00adse\u00adre Web\u00adser\u00adver stan\u00addard\u00adm\u00e4\u00ad\u00dfig zum Zweck der Sys\u00adtem\u00adsi\u00adcher\u00adheit tem\u00adpo\u00adr\u00e4r die Ver\u00adbin\u00addungs\u00adda\u00adten des an\u00adfra\u00adgen\u00adden Rech\u00adners, die Web\u00adsei\u00adten, die Sie bei uns be\u00adsu\u00adchen, das Datum und die Dauer des Be\u00adsu\u00adches, die Er\u00adken\u00adnungs\u00adda\u00adten des ver\u00adwen\u00adde\u00adten Brow\u00adser- und Be\u00adtriebs\u00adsys\u00adtem-Typs sowie die Web\u00adsei\u00adte, von der aus Sie uns be\u00adsu\u00adchen. Dar\u00ad\u00fcber hin\u00adaus\u00adge\u00adhen\u00adde per\u00adsonen\u00adbe\u00adzo\u00adge\u00adne An\u00adga\u00adben wie Ihr Name, Ihre An\u00adschrift, Te\u00adle\u00adfon\u00adnum\u00admer oder E-Mail-Adres\u00adse wer\u00adden nicht er\u00adfasst, es sei denn, diese An\u00adga\u00adben wer\u00adden von Ihnen frei\u00adwil\u00adlig ge\u00admacht, z.B. im Rah\u00admen einer Re\u00adgis\u00adtrie\u00adrung, einer Um\u00adfra\u00adge, eines Preis\u00adaus\u00adschrei\u00adbens, zur Durch\u00adf\u00fch\u00adrung eines Ver\u00adtra\u00adges oder einer In\u00adfor\u00adma\u00adti\u00adons\u00adan\u00adfra\u00adge.<\/p>\n<h2>Kommentare<\/h2>\n<p>Wenn Besucher Kommentare auf der Website schreiben, sammeln wir die Daten, die im Kommentar-Formular angezeigt werden, au\u00dferdem die IP-Adresse des Besuchers und den User-Agent-String (damit wird der Browser identifiziert), um die Erkennung von Spam zu unterst\u00fctzen.<\/p>\n<p>Aus Ihrer E-Mail-Adresse kann eine anonymisierte Zeichenfolge erstellt (auch Hash genannt) und dem Gravatar-Dienst \u00fcbergeben werden, um zu pr\u00fcfen, ob Sie diesen benutzen. Die Datenschutzerkl\u00e4rung des Gravatar-Dienstes finden Sie hier: <a href=\"https:\/\/automattic.com\/privacy\/\">https:\/\/automattic.com\/privacy\/<\/a>. Nachdem Ihr Kommentar freigegeben wurde, ist IhrProfilbild \u00f6ffentlich im Kontext Ihres Kommentars sichtbar.<\/p>\n<h2>Medien<\/h2>\n<p>Wenn Sie ein registrierter Benutzer sind und Fotos auf diese Website laden, sollten Sie vermeiden, Fotos mit einem EXIF-GPS-Standort hochzuladen. Besucher dieser Website k\u00f6nnten Fotos, die auf dieser Website gespeichert sind, herunterladen und deren Standort-Informationen extrahieren.<\/p>\n<h2>Wie nutzen wir Daten zu Ihrer Person, wie geben wir sie weiter<\/h2>\n<p>Sofern innerhalb des Internetangebotes die M\u00f6glichkeit zur Eingabe pers\u00f6nlicher oder gesch\u00e4ftlicher Daten (E-Mail-Adressen, Namen, Anschriften) besteht, so erfolgt die Preisgabe dieser Daten seitens des Nutzers auf ausdr\u00fccklich freiwilliger Basis. E-Mails werden \u00fcber ein Kontakt-Formular \u00fcbermittelt. Wenn Sie uns eine solche Nachricht zuschicken, werden Ihre pers\u00f6nlichen Daten nur insoweit gesammelt, als es f\u00fcr eine Antwort erforderlich ist. Die E-Mail wird unverschl\u00fcsselt \u00fcbermittelt.<\/p>\n<p>Die von Ihnen zur Ver\u00adf\u00fc\u00adgung ge\u00adstell\u00adten per\u00adso\u00adnen\u00adbe\u00adzo\u00adge\u00adnen Daten ver\u00adwen\u00adden wir aus\u00adschlie\u00ad\u00df\u00adlich zum Zweck der tech\u00adni\u00adschen Ad\u00admi\u00adnis\u00adtra\u00adti\u00adon der Web\u00adsei\u00adten und zur Er\u00adf\u00fcl\u00adlung Ihrer W\u00fcn\u00adsche und An\u00adfor\u00adde\u00adrun\u00adgen, also in der Regel zur Ab\u00adwick\u00adlung des mit Ihnen ge\u00adschlos\u00adse\u00adnen Ver\u00adtra\u00adges oder zur Be\u00adant\u00adwor\u00adtung Ihrer An\u00adfra\u00adge.<\/p>\n<p>Nur soweit Sie uns zuvor Ihre Ein\u00adwil\u00adli\u00adgung er\u00adteilt haben bzw. wenn Sie &#8211; so\u00adweit ge\u00adsetz\u00adli\u00adche Re\u00adge\u00adlun\u00adgen dies vor\u00adse\u00adhen &#8211; kei\u00adnen Wi\u00adder\u00adspruch ein\u00adge\u00adlegt haben, nut\u00adzen wir diese Daten auch f\u00fcr pro\u00addukt\u00adbe\u00adzo\u00adge\u00adne Um\u00adfra\u00adgen, Mar\u00adke\u00adting\u00adzwe\u00adcke und statistische Zwecke.<\/p>\n<p>Eine Wei\u00adter\u00adga\u00adbe, Ver\u00adkauf oder sons\u00adti\u00adge \u00dcber\u00admitt\u00adlung Ihrer per\u00adso\u00adnen\u00adbe\u00adzo\u00adge\u00adnen Daten an Drit\u00adte er\u00adfolgt nicht, es sei denn, dass dies zum Zwe\u00adcke der Ver\u00adtrags\u00adab\u00adwick\u00adlung er\u00adfor\u00adder\u00adlich ist oder Sie aus\u00addr\u00fcck\u00adlich ein\u00adge\u00adwil\u00adligt haben.<\/p>\n<p>Eine erteilte Einwilligung kann mit Wirkung f\u00fcr die Zukunft jederzeit widerrufen werden.<\/p>\n<h2>Wie lange bleiben Ihre Daten gespeichert<\/h2>\n<p>Grunds\u00e4tzlich speichern wir alle Informationen, die Sie uns \u00fcbermitteln, bis der jeweilige, z.B. vertragliche Zweck erf\u00fcllt ist. Z.B. bei Anfragen bis zur Erledigung, bei Newslettern bis Sie den Newsletter wieder abbestellen. Ist eine l\u00e4ngere Speicherung gesetzlich vorgesehen, erfolgt die Speicherung in diesem Rahmen.<\/p>\n<p>Sollten Sie nicht mehr w\u00fcnschen, dass wir Ihre Daten nutzen, so kommen wir dieser Bitte nat\u00fcrlich umgehend nach (Bitte wenden Sie sich dazu an die unter \u201eKontakt\u201c angegebene Adresse).<\/p>\n<h2>Wann werden Ihre Daten gel\u00f6scht<\/h2>\n<p>Die L\u00f6schung der gespeicherten personenbezogenen Daten erfolgt, wenn Sie Ihre Einwilligung zur Speicherung widerrufen, wenn die Kenntnis der Daten zur Erf\u00fcllung des mit der Speicherung verfolgten Zwecks nicht mehr erforderlich ist oder wenn die Speicherung aus sonstigen gesetzlichen Gr\u00fcnden unzul\u00e4ssig ist. Daten f\u00fcr Abrechnungszwecke und buchhalterische Zwecke werden von einem L\u00f6schungsverlangen nicht ber\u00fchrt.<\/p>\n<h2>Ein\u00adsatz von Coo\u00adkies<\/h2>\n<p>Im Rahmen Ihres Besuchs auf unseren Seiten verwenden wir sogenannte Cookies. Das sind kleine Textdateien, die auf Ihrem Computer abgelegt werden.\u00a0 Coo\u00adkies hel\u00adfen uns dabei, die Nut\u00adzungs\u00adh\u00e4u\u00adfig\u00adkeit und die An\u00adzahl der Nut\u00adzer un\u00adse\u00adrer In\u00adter\u00adnet\u00adsei\u00adten zu er\u00admit\u00adteln, sowie un\u00adse\u00adre An\u00adge\u00adbo\u00adte f\u00fcr Sie m\u00f6g\u00adlichst kom\u00adfor\u00adta\u00adbel und ef\u00adfi\u00adzi\u00adent zu ge\u00adstal\u00adten.<\/p>\n<p>Wir ver\u00adwen\u00adden ei\u00adner\u00adseits so\u00adge\u00adnann\u00adte &#8222;Ses\u00adsi\u00adon-Coo\u00adkies&#8220;, die aus\u00adschlie\u00ad\u00df\u00adlich f\u00fcr die Dauer Ihrer Nut\u00adzung einer un\u00adse\u00adrer In\u00adter\u00adnet\u00adsei\u00adten zwi\u00adschen\u00adge\u00adspei\u00adchert wer\u00adden. Zum an\u00adde\u00adren be\u00adnut\u00adzen wir &#8222;per\u00adma\u00adnen\u00adte Coo\u00adkies&#8220;, um In\u00adfor\u00adma\u00adtio\u00adnen \u00fcber Be\u00adsu\u00adcher fest\u00adzu\u00adhal\u00adten, die wie\u00adder\u00adholt auf eine un\u00adse\u00adrer In\u00adter\u00adsei\u00adten zu\u00adgrei\u00adfen. Der Zweck des Ein\u00adsat\u00adzes die\u00adser Coo\u00adkies be\u00adsteht darin, Ihnen eine op\u00adti\u00adma\u00adle Be\u00adnut\u00adzer\u00adf\u00fch\u00adrung an\u00adbie\u00adten zu k\u00f6n\u00adnen sowie Sie &#8222;wie\u00adder\u00adzu\u00ader\u00adken\u00adnen&#8220; und Ihnen bei wie\u00adder\u00adhol\u00adter Nut\u00adzung eine m\u00f6g\u00adlichst ab\u00adwechs\u00adlungs\u00adrei\u00adche In\u00adter\u00adnet\u00adsei\u00adte und neue In\u00adhal\u00adte pr\u00e4\u00adsen\u00adtie\u00adren zu k\u00f6n\u00adnen. Der In\u00adhalt eines per\u00adma\u00adnen\u00adten Coo\u00adkies be\u00adschr\u00e4nkt sich auf eine Iden\u00adti\u00adfi\u00adka\u00adti\u00adons\u00adnum\u00admer. Name, IP-Adres\u00adse etc. wer\u00adden nicht ge\u00adspei\u00adchert. Eine Ein\u00adzel\u00adpro\u00adfil\u00adbil\u00addung \u00fcber Ihr Nut\u00adzungs\u00adver\u00adhal\u00adten fin\u00addet nicht statt.<\/p>\n<p>Eine Nut\u00adzung un\u00adse\u00adrer An\u00adge\u00adbo\u00adte ist auch ohne Coo\u00adkies m\u00f6g\u00adlich. Sie k\u00f6n\u00adnen in Ihrem Brow\u00adser das Spei\u00adchern von Coo\u00adkies de\u00adak\u00adti\u00advie\u00adren, auf be\u00adstimm\u00adte Web\u00adsites be\u00adschr\u00e4n\u00adken oder Ihren Brow\u00adser so ein\u00adstel\u00adlen, dass er sie be\u00adnach\u00adrich\u00adtigt, so\u00adbald ein Coo\u00adkie ge\u00adsen\u00addet wird. Bitte be\u00adach\u00adten Sie aber, dass Sie bei einer Deaktivierung mit einer ein\u00adge\u00adschr\u00e4nk\u00adten Dar\u00adstel\u00adlung der Seite und mit einer ein\u00adge\u00adschr\u00e4nk\u00adten Be\u00adnut\u00adzer\u00adf\u00fch\u00adrung rech\u00adnen m\u00fcs\u00adsen.<\/p>\n<p>Cookies, die zur Durchf\u00fchrung des elektronischen Kommunikationsvorgangs oder zur Bereitstellung bestimmter, von Ihnen erw\u00fcnschter Funktionen (z.B. Warenkorbfunktion) erforderlich sind, werden auf Grundlage von Art. 6 Abs. 1 lit. f DSGVO gespeichert. Der Websitebetreiber hat ein berechtigtes Interesse an der Speicherung von Cookies zur technisch fehlerfreien und optimierten Bereitstellung seiner Dienste. Soweit andere Cookies (z.B. Cookies zur Analyse Ihres Surfverhaltens) gespeichert werden, werden diese in dieser Datenschutzerkl\u00e4rung gesondert behandelt<\/p>\n<p>Wenn Sie einen Kommentar auf unserer Website schreiben, kann das eine Einwilligung sein, Ihren Namen, E-Mail-Adresse und Website in Cookies zu speichern. Dies ist eine Komfortfunktion, damit Sie nicht, wenn Sie einen weiteren Kommentar schreiben, all diese Daten erneut eingeben m\u00fcssen. Diese Cookies werden ein Jahr lang gespeichert.<\/p>\n<p>Falls Sie ein Konto haben und sich auf dieser Website anmelden, werden wir ein tempor\u00e4res Cookie setzen, um festzustellen, ob Ihr Browser Cookies akzeptiert. Dieses Cookie enth\u00e4lt keine personenbezogenen Daten und wird verworfen, wenn Sie Ihren Browser schlie\u00dfen.<\/p>\n<p>Wenn Sie sich anmelden, werden wir einige Cookies einrichten, um ihre Anmeldeinformationen und Anzeigeoptionen zu speichern. Anmelde-Cookies verfallen nach zwei Tagen und Cookies f\u00fcr die Anzeigeoptionen nach einem Jahr. Falls Sie bei der Anmeldung \u201eAngemeldet bleiben\u201c ausw\u00e4hlen, wird Ihre Anmeldung zwei Wochen lang aufrechterhalten. Mit der Abmeldung aus Ihrem Konto werden die Anmelde-Cookies gel\u00f6scht.<\/p>\n<p>Wenn Sie einen Artikel bearbeiten oder ver\u00f6ffentlichen, wird ein zus\u00e4tzlicher Cookie in Ihrem\u00a0Browser gespeichert. Dieser Cookie enth\u00e4lt keine personenbezogenen Daten und verweist nur auf die Beitrags-ID des Artikels, den Sie gerade bearbeitet haben. Der Cookie verf\u00e4llt nach einem Tag.<\/p>\n<h2>Eingebettete Inhalte von anderen Websites<\/h2>\n<p>Beitr\u00e4ge auf dieser Website k\u00f6nnen eingebettete Inhalte beinhalten (z.\u00a0B. Videos, Bilder, Beitr\u00e4ge etc.). Eingebettete Inhalte von anderen Websites verhalten sich exakt so, als ob der Besucher die andere Website besucht h\u00e4tte.<\/p>\n<p>Diese Websites k\u00f6nnen Daten \u00fcber Sie sammeln, Cookies benutzen, zus\u00e4tzliche Tracking-Dienste von Dritten einbetten und Ihre Interaktion mit diesem eingebetteten Inhalt aufzeichnen, inklusive Ihrer Interaktion mit dem eingebetteten Inhalt, falls Sie ein Konto haben und auf dieser Website angemeldet sind.<\/p>\n<h2>Erfassung von allgemeinen Daten und Informationen<\/h2>\n<p>Die Internetseite vespeera.org erfasst mit jedem Aufruf der Internetseite durch eine betroffene Person oder ein automatisiertes System eine Reihe von allgemeinen Daten und Informationen. Diese allgemeinen Daten und Informationen werden in den Logfiles des Servers gespeichert. Erfasst werden k\u00f6nnen die (1) verwendeten Browsertypen und Versionen, (2) das vom zugreifenden System verwendete Betriebssystem, (3) die Internetseite, von welcher ein zugreifendes System auf unsere Internetseite gelangt (sogenannte Referrer), (4) die Unterwebseiten, welche \u00fcber ein zugreifendes System auf unserer Internetseite angesteuert werden, (5) das Datum und die Uhrzeit eines Zugriffs auf die Internetseite, (6) eine Internet-Protokoll-Adresse (IP-Adresse), (7) der Internet-Service-Provider des zugreifenden Systems und (8) sonstige \u00e4hnliche Daten und Informationen, die der Gefahrenabwehr im Falle von Angriffen auf unsere informationstechnologischen Systeme dienen.<\/p>\n<p>Bei der Nutzung dieser allgemeinen Daten und Informationen zieht die Abteilung Allgemeinmedizin und Versorgungsforschung des Uniklinikums Heidelberg keine R\u00fcckschl\u00fcsse auf die betroffene Person. Diese Informationen werden vielmehr ben\u00f6tigt, um (1) die Inhalte unserer Internetseite korrekt auszuliefern, (2) die Inhalte unserer Internetseite sowie die Werbung f\u00fcr diese zu optimieren, (3) die dauerhafte Funktionsf\u00e4higkeit unserer informationstechnologischen Systeme und der Technik unserer Internetseite zu gew\u00e4hrleisten sowie (4) um Strafverfolgungsbeh\u00f6rden im Falle eines Cyberangriffes die zur Strafverfolgung notwendigen Informationen bereitzustellen. Diese anonym erhobenen Daten und Informationen werden durch die Abteilung Allgemeinmedizin und Versorgungsforschung des Uniklinikums Heidelberg daher einerseits statistisch und ferner mit dem Ziel ausgewertet, den Datenschutz und die Datensicherheit in unserem Unternehmen zu erh\u00f6hen, um letztlich ein optimales Schutzniveau f\u00fcr die von uns verarbeiteten personenbezogenen Daten sicherzustellen. Die anonymen Daten der Server-Logfiles werden getrennt von allen durch eine betroffene Person angegebenen personenbezogenen Daten gespeichert.<\/p>\n<h1>Wie lange wir Ihre Daten speichern<\/h1>\n<p>Wenn Sie einen Kommentar schreiben, wird dieser inklusive Metadaten zeitlich unbegrenzt gespeichert. Auf diese Art k\u00f6nnen wir Folgekommentare automatisch erkennen und freigeben, anstelle sie in einer Moderations-Warteschlange festzuhalten.<\/p>\n<p>F\u00fcr Benutzer, die sich auf unserer Website registrieren, speichern wir zus\u00e4tzlich die pers\u00f6nlichen Informationen, die sie in ihren Benutzerprofilen angeben. Alle Benutzer k\u00f6nnen jederzeit ihre pers\u00f6nlichen Informationen einsehen, ver\u00e4ndern oder l\u00f6schen (der Benutzername kann nicht ver\u00e4ndert werden). Administratoren der Website k\u00f6nnen diese Informationen ebenfalls einsehen und ver\u00e4ndern.<\/p>\n<h2>Was tun wir f\u00fcr die Si\u00adcher\u00adheit der Verarbeitung<\/h2>\n<p>Unser Unternehmen trifft alle not\u00adwen\u00addi\u00adgen tech\u00adni\u00adschen und or\u00adga\u00adni\u00adsa\u00adto\u00adri\u00adschen Si\u00adcher\u00adheits\u00adma\u00df\u00adnah\u00admen, um Ihre per\u00adso\u00adnen\u00adbe\u00adzo\u00adge\u00adnen Daten vor Ver\u00adlust und Miss\u00adbrauch zu sch\u00fct\u00adzen. So wer\u00adden Ihre Daten in einer si\u00adche\u00adren Be\u00adtriebs\u00adum\u00adge\u00adbung ge\u00adspei\u00adchert, die der \u00d6f\u00adfent\u00adlich\u00adkeit nicht zu\u00adg\u00e4ng\u00adlich ist. In be\u00adstimm\u00adten F\u00e4l\u00adlen wer\u00adden Ihre per\u00adso\u00adnen\u00adbe\u00adzo\u00adge\u00adnen Daten bei der \u00dcber\u00admitt\u00adlung durch die sog. Se\u00adcu\u00adre So\u00adcket Lay\u00ader-Tech\u00adno\u00adlo\u00adgie (SSL) ver\u00adschl\u00fcs\u00adselt. Das be\u00addeu\u00adtet, dass die Kom\u00admu\u00adni\u00adka\u00adti\u00adon zwi\u00adschen Ihrem Com\u00adpu\u00adter und den Ser\u00advern unseres\u00a0\u00a0 Unternehmens unter Ein\u00adsatz eines an\u00ader\u00adkann\u00adten Ver\u00adschl\u00fcs\u00adse\u00adlungs\u00adver\u00adfah\u00adrens er\u00adfolgt, wenn Ihr Brow\u00adser SSL un\u00adter\u00adst\u00fctzt.<\/p>\n<h1>Wohin wir Ihre Daten senden<\/h1>\n<p>Besucher-Kommentare k\u00f6nnten von einem automatisierten Dienst zur Spam-Erkennung untersucht werden.<\/p>\n<h1>Welche Rechte Sie an Ihren Daten haben<\/h1>\n<p>Wenn Sie ein Konto auf dieser Website besitzen oder Kommentare geschrieben haben, k\u00f6nnen sie einen Export Ihrer personenbezogenen Daten bei uns anfordern, inklusive aller Daten, die Sie uns mitgeteilt haben. Dar\u00fcber hinaus k\u00f6nnen Sie die L\u00f6schung aller personenbezogenen Daten, die wir von Ihnen gespeichert haben, anfordern. Dies umfasst nicht die Daten, die wir aufgrund administrativer, rechtlicher oder sicherheitsrelevanter Notwendigkeiten aufbewahren m\u00fcssen.<\/p>\n<p>Sie haben im Rahmen der geltenden gesetzlichen Bestimmungen jederzeit das Recht auf unentgeltliche Auskunft \u00fcber Ihre gespeicherten personenbezogenen Daten, deren Herkunft und m\u00f6gliche Empf\u00e4nger und den Zweck der Datenverarbeitung (Art. 15 DSGVO) und ggf. ein Recht auf Berichtigung unrichtiger Daten Art. 16 DSGVO), L\u00f6schung dieser Daten (Art. 17 DSGVO) das Recht auf Einschr\u00e4nkung der Verarbeitung nach Art. 18 DSGVO, auf Widerspruch\u00a0 (Art. 21 DSGVO) sowie das Recht auf Daten\u00fcbertragbarkeit von Ihnen bereitgestellter Daten nach Art. 20 DSGVO). Beim Auskunftsrecht und beim L\u00f6schungsrecht gelten die Einschr\u00e4nkungen nach \u00a7\u00a7 34 und 35 BDSG.<\/p>\n<p>Dar\u00fcber hinaus steht Ihnen im Falle datenschutzrechtlicher Verst\u00f6\u00dfe ein Beschwerderecht bei der zust\u00e4ndigen Aufsichtsbeh\u00f6rde zu (Art. 77 DSGVO i.V.m. \u00a719 BDSG). Zust\u00e4ndige Aufsichtsbeh\u00f6rde in datenschutzrechtlichen Fragen ist der Landesdatenschutzbeauftragte des Bundeslandes, in dem unser Unternehmen seinen Sitz hat. Eine Liste der Datenschutzbeauftragten sowie deren Kontaktdaten k\u00f6nnen folgendem Link entnommen werden:\u00a0<a href=\"https:\/\/www.bfdi.bund.de\/DE\/Infothek\/Anschriften_Links\/anschriften_links-node.html\">https:\/\/www.bfdi.bund.de\/DE\/Infothek\/Anschriften_Links\/anschriften_links-node.html<\/a>.<\/p>\n<h2>Wie Sie gegebene Einwilligungen zur Datenverarbeitung widerrufen k\u00f6nnen<\/h2>\n<p>Viele Datenverarbeitungsvorg\u00e4nge sind nur mit Ihrer ausdr\u00fccklichen Einwilligung m\u00f6glich. Sie k\u00f6nnen eine bereits erteilte Einwilligung jederzeit widerrufen. Dazu reicht eine formlose Mitteilung per E-Mail an uns. Die Rechtm\u00e4\u00dfigkeit der bis zum Widerruf erfolgten Datenverarbeitung bleibt vom Widerruf unber\u00fchrt<\/p>\n<h2>\u00c4nderungen der Datenschutzerkl\u00e4rung<\/h2>\n<p>Es k\u00f6nnen \u00c4nderungen an diesen Datenschutzhinweisen vorgenommen werden, die auf dieser Seite rechtzeitig bekanntgegeben werden.<\/p>\n<p>&nbsp;<\/p>\n<p><a href=\"https:\/\/vespeera.org\/\">zur\u00fcck zur Startseite<\/a><\/p>\n","protected":false},"excerpt":{"rendered":"<p>Wer wir sind Die Adresse unserer Website ist: https:\/\/vespeera.org. Datenschutzerkl\u00e4rung Stand 18.05.2018 Datenschutz und Datensicherheit f\u00fcr die Kunden und Partner unseres Unternehmens wie auch von Interessenten und Nutzern unseres Webauftrittes haben in unserem Unternehmen einen hohen Stellenwert. Transparenz bez\u00fcglich der Verarbeitung Ihrer personenbezogenen Daten wie auch der Schutz Ihrer Daten sind uns daher besonders wichtig. &hellip; <\/p>\n<p class=\"link-more\"><a href=\"https:\/\/vespeera.org\/?page_id=108\" class=\"more-link\"><span class=\"screen-reader-text\">\u201eDatenschutzerkl\u00e4rung\u201c <\/span>weiterlesen<\/a><\/p>\n","protected":false},"author":1,"featured_media":0,"parent":0,"menu_order":0,"comment_status":"closed","ping_status":"closed","template":"","meta":{"footnotes":""},"class_list":["post-108","page","type-page","status-publish","hentry"],"_links":{"self":[{"href":"https:\/\/vespeera.org\/index.php?rest_route=\/wp\/v2\/pages\/108","targetHints":{"allow":["GET"]}}],"collection":[{"href":"https:\/\/vespeera.org\/index.php?rest_route=\/wp\/v2\/pages"}],"about":[{"href":"https:\/\/vespeera.org\/index.php?rest_route=\/wp\/v2\/types\/page"}],"author":[{"embeddable":true,"href":"https:\/\/vespeera.org\/index.php?rest_route=\/wp\/v2\/users\/1"}],"replies":[{"embeddable":true,"href":"https:\/\/vespeera.org\/index.php?rest_route=%2Fwp%2Fv2%2Fcomments&post=108"}],"version-history":[{"count":11,"href":"https:\/\/vespeera.org\/index.php?rest_route=\/wp\/v2\/pages\/108\/revisions"}],"predecessor-version":[{"id":378,"href":"https:\/\/vespeera.org\/index.php?rest_route=\/wp\/v2\/pages\/108\/revisions\/378"}],"wp:attachment":[{"href":"https:\/\/vespeera.org\/index.php?rest_route=%2Fwp%2Fv2%2Fmedia&parent=108"}],"curies":[{"name":"wp","href":"https:\/\/api.w.org\/{rel}","templated":true}]}}